{"id":4489,"date":"2022-03-07T11:04:59","date_gmt":"2022-03-07T10:04:59","guid":{"rendered":"https:\/\/larfinedeco.com\/?page_id=4489"},"modified":"2022-03-30T12:32:47","modified_gmt":"2022-03-30T11:32:47","slug":"avviso-legale","status":"publish","type":"page","link":"https:\/\/larfinedeco.com\/it\/avviso-legale\/","title":{"rendered":"Avviso legale"},"content":{"rendered":"\t\t<div data-elementor-type=\"wp-page\" data-elementor-id=\"4489\" class=\"elementor elementor-4489\" data-elementor-post-type=\"page\">\n\t\t\t\t\t\t<section class=\"elementor-section elementor-top-section elementor-element elementor-element-8a1b3c1 elementor-section-full_width elementor-section-stretched sectxt_1 elementor-section-height-default elementor-section-height-default\" data-id=\"8a1b3c1\" data-element_type=\"section\" data-e-type=\"section\" data-settings=\"{&quot;stretch_section&quot;:&quot;section-stretched&quot;,&quot;background_background&quot;:&quot;classic&quot;}\">\n\t\t\t\t\t\t<div class=\"elementor-container elementor-column-gap-default\">\n\t\t\t\t\t<div class=\"elementor-column elementor-col-100 elementor-top-column elementor-element elementor-element-5fc38ed col_bloqmed\" data-id=\"5fc38ed\" data-element_type=\"column\" data-e-type=\"column\">\n\t\t\t<div class=\"elementor-widget-wrap elementor-element-populated\">\n\t\t\t\t\t\t<div class=\"elementor-element elementor-element-af81222 elementor-widget elementor-widget-shortcode\" data-id=\"af81222\" data-element_type=\"widget\" data-e-type=\"widget\" data-widget_type=\"shortcode.default\">\n\t\t\t\t<div class=\"elementor-widget-container\">\n\t\t\t\t\t\t\t<div class=\"elementor-shortcode\"><\/div>\n\t\t\t\t\t\t<\/div>\n\t\t\t\t<\/div>\n\t\t\t\t<div class=\"elementor-element elementor-element-7c67020 sec1_tit elementor-widget__width-initial elementor-widget elementor-widget-heading\" data-id=\"7c67020\" data-element_type=\"widget\" data-e-type=\"widget\" data-widget_type=\"heading.default\">\n\t\t\t\t<div class=\"elementor-widget-container\">\n\t\t\t\t\t<h1 class=\"elementor-heading-title elementor-size-default\">Avviso Legale<\/h1>\t\t\t\t<\/div>\n\t\t\t\t<\/div>\n\t\t\t\t<div class=\"elementor-element elementor-element-bfe5d64 sec1_txt elementor-widget__width-initial elementor-widget elementor-widget-text-editor\" data-id=\"bfe5d64\" data-element_type=\"widget\" data-e-type=\"widget\" data-widget_type=\"text-editor.default\">\n\t\t\t\t<div class=\"elementor-widget-container\">\n\t\t\t\t\t\t\t\t\t<p>INFORMAZIONI SUL TRATTAMENTO DEI DATI PERSONALI DEGLI UTENTI CHE NAVIGANO SUL SITO WWW.LARFINEDECO.COM<br><\/p>\t\t\t\t\t\t\t\t<\/div>\n\t\t\t\t<\/div>\n\t\t\t\t\t<\/div>\n\t\t<\/div>\n\t\t\t\t\t<\/div>\n\t\t<\/section>\n\t\t\t\t<section class=\"elementor-section elementor-top-section elementor-element elementor-element-6418377 sectxt_2 elementor-section-boxed elementor-section-height-default elementor-section-height-default\" data-id=\"6418377\" data-element_type=\"section\" data-e-type=\"section\">\n\t\t\t\t\t\t<div class=\"elementor-container elementor-column-gap-default\">\n\t\t\t\t\t<div class=\"elementor-column elementor-col-100 elementor-top-column elementor-element elementor-element-6105453\" data-id=\"6105453\" data-element_type=\"column\" data-e-type=\"column\">\n\t\t\t<div class=\"elementor-widget-wrap elementor-element-populated\">\n\t\t\t\t\t\t<div class=\"elementor-element elementor-element-8115eaa sec2_txt elementor-widget__width-initial elementor-widget elementor-widget-text-editor\" data-id=\"8115eaa\" data-element_type=\"widget\" data-e-type=\"widget\" data-widget_type=\"text-editor.default\">\n\t\t\t\t<div class=\"elementor-widget-container\">\n\t\t\t\t\t\t\t\t\t<p><b>1.\u00a0 OGGETTO DELL\u2019INFORMATIVA<\/b><\/p><p>Ai sensi dell\u2019articolo 13 del Regolamento (UE) 2016\/679 (di seguito, \u201cil Regolamento\u201d), le presenti informazioni riguardano i seguenti siti web:<\/p><p><a href=\"https:\/\/larfinedeco.com\/\">www.larfinedeco.com<\/a><\/p><p>Sono esclusi altri siti web, pagine o servizi online raggiungibili tramite link ipertestuali eventualmente pubblicati ma riferiti a risorse esterne ai predetti domini.<\/p><p>\u00a0<\/p><p><b>2.\u00a0 TIPI DI DATI TRATTATI E FINALIT\u00c0 DEL TRATTAMENTO<\/b><\/p><p><b>Dati di navigazione<\/b><\/p><p>Costituiscono dati di navigazione gli indirizzi IP, i nomi a dominio dei devices utilizzati dagli utenti, gli indirizzi URI\/URL (Uniform Resource Identifier\/Locator) delle risorse richieste, l\u2019ora della richiesta, il metodo utilizzato nel sottoporre la richiesta al server, la dimensione del file ottenuto in risposta, il codice numerico indicante lo stato della risposta data dal server (buon fine, errore, ecc.) ed altri parametri relativi al sistema operativo e all\u2019ambiente informatico dell\u2019utente.<\/p><p>Tali dati, necessari per la fruizione dei servizi web, vengono trattati allo scopo di:<\/p><p>controllare il corretto funzionamento dei servizi offerti e ottenere informazioni statistiche anonimizzate sull\u2019uso dei servizi (pagine pi\u00f9 visitate, numero di visitatori per fascia oraria o giornaliera, aree geografiche di provenienza, ecc.).<\/p><p><b>Dati comunicati dall\u2019utente<\/b><\/p><p>L\u2019invio facoltativo e volontario di messaggi agli indirizzi di contatto www.larfinedeco.com, i messaggi privati inviati dagli utenti ai profili\/pagine istituzionali sui social media (laddove questa possibilit\u00e0 sia prevista), nonch\u00e9 la compilazione e l\u2019inoltro dei moduli presenti su www.larfinedeco.com, comportano l\u2019acquisizione dei dati di contatto del mittente, necessari a rispondere, nonch\u00e9 di tutti i dati personali inclusi nelle comunicazioni.<\/p><p>Inoltre, specifiche informative verranno pubblicate nelle pagine predisposte per l\u2019erogazione di determinati servizi. Nel caso del servizio newsletter, i dati di contatto degli utenti saranno trattati per l\u2019invio della newsletter stessa e saranno conservati fino alla cessazione del servizio o alla revoca del consenso<\/p><p><b>Cookies e altri sistemi di tracciamento<\/b><\/p><p>Il sito web utilizza cookies meglio descritti nella\u00a0<a href=\"https:\/\/larfinedeco.com\/it\/informativa-cookie\/\" target=\"_blank\" rel=\"noopener\">cookie policy<\/a>\u00a0a cui si\u00a0<\/p><p><b>Marketing<\/b><\/p><p>Nel fornirci lo specifico, preventivo, libero e facoltativo consenso alla finalit\u00e0 di Marketing e ricerche di mercato, l\u2019utente acconsente ad essere contattato per operazioni di natura commerciale\/promozionale\/pubblicitaria nonch\u00e9 per lo svolgimento di ricerche di mercato, attraverso, tra l&#8217;altro, messaggi via posta, telefono, SMS o email. L\u2019utente pu\u00f2 in qualsiasi momento modificare il suo consenso all&#8217;invio di questo tipo di messaggi e contatti da parte del titolare, MOODULA, cambiando le impostazioni del suo profilo sul sito www.larfinedeco.com o contattando i riferimenti indicati al successivo paragrafo.<\/p><p><b>Profilazione<\/b><\/p><p>Nel fornirci lo specifico, preventivo, libero e facoltativo consenso alla finalit\u00e0 di profilazione dei suoi dati, l\u2019utente acconsente allo svolgimento di attivit\u00e0 quali l&#8217;analisi delle sue abitudini e delle sue scelte di consumo, attraverso il trattamento, principalmente, dei dati forniti in occasione della creazione di specifici profili di utenza sul sito www.larfinedeco.com, nonch\u00e9 dei dati acquisiti in occasione dei suoi acquisti sul sito www.larfinedeco.com, tra i quali anche la tipologia e la frequenza degli acquisti.<\/p><p>Le informazioni cos\u00ec ottenute ci consentiranno di creare profili (individuali e\/o aggregati), per elaborare analisi di mercato e statistiche anche per migliorare i nostri prodotti e servizi e renderli pi\u00f9 rispondenti alle esigenze dei clienti, nonch\u00e9 per inviare &#8211; sempre e solo previo consenso del cliente &#8211; informazioni e offerte pi\u00f9 mirate e che possano essere, a giudizio di MOODULA, di maggior gradimento e interesse per il cliente.<\/p><p>L\u2019utente pu\u00f2 in qualsiasi momento modificare il suo consenso alla profilazione, cambiando le impostazioni del suo profilo sul sito www.larfinedeco.com o contattando i riferimenti indicati al successivo paragrafo.<\/p><p><b>Social Media<\/b><\/p><p>In occasione dell\u2019interazione con le pagine social del sito (ad esempio, Instagram e Facebook), potrebbero essere raccolti i dati di immagine e altre informazioni che riguardano l\u2019utente. Solo dopo aver raccolto il consenso dell\u2019utente, MOODULA potrebbe utilizzare tali dati al fine di promuovere le iniziative, i prodotti o il proprio marchio tramite i propri canali social (ad esempio ripubblicando i post sulle proprie pagine social).<\/p><p><span style=\"font-weight: bold;\">\u00a0<\/span><\/p><p><span style=\"font-weight: bold;\">3.\u00a0\u00a0<\/span><b>TITOLARE DEL TRATTAMENTO<\/b><\/p><p>Titolare del trattamento degli eventuali dati personali risultanti dalla navigazione sul Sito web e\/o forniti volontariamente dagli utenti, \u00e8 MOODULA di Sandro Poli &amp; C SaS,\u00a0 con sede legale in Via di Saliceto, 22, 40128\u00a0 Bologna, Italia, Codice fiscale e partita iva: 0390765120.<\/p><p>\u00a0<\/p><p><span style=\"font-weight: bold;\">4.\u00a0\u00a0<\/span><b>CATEGORIE DI DESTINATARI<\/b><\/p><p>I dati personali dell\u2019interessato potranno essere comunicati a:<\/p><p>&#8211; collaboratori, consulenti IT, banche e provider di servizi di pagamento e dipendenti di MOODULA appositamente autorizzati, nell\u2019ambito delle rispettive competenze,<\/p><p>&#8211; al fornitore del servizio di web hosting, funzionamento e sviluppo del Sito www.larfinedeco.com, che agisce in qualit\u00e0 di Responsabile del trattamento, per quanto riguarda i soli dati di navigazione sul Sito web.\u00a0<\/p><p>I dati potrebbero altres\u00ec essere condivisi per adempiere ad obblighi legali o normativi o nel caso in cui la nostra attivit\u00e0 sia ceduta e l\u2019acquirente necessiti delle informazioni personali per l\u2019esecuzione dei servizi.<\/p><p>\u00a0<\/p><p><span style=\"font-weight: bold;\">5.\u00a0\u00a0<\/span><b>DIRITTI DEGLI INTERESSATI<\/b><\/p><p>Gli interessati hanno il diritto di ottenere, nei casi previsti, l\u2019accesso ai propri dati personali e la rettifica, la portabilit\u00e0 o la cancellazione degli stessi o la limitazione del trattamento che li riguarda o di opporsi al trattamento (artt. 15 e ss. del Regolamento), inviando una mail o contattando il titolare del trattamento, al seguente recapito: MOODULA di Sandro Poli &amp; C SaS, Via di Saliceto, 22, 40128\u00a0 Bologna, email:\u00a0<a href=\"mailto:ciao@larfinedeco.it\" target=\"_blank\" rel=\"noopener\">ciao@larfinedeco.it<\/a>\u00a0<\/p><p>\u00a0<\/p><p><span style=\"font-weight: bold;\">6.\u00a0\u00a0<\/span><b>DIRITTO DI RECLAMO<\/b><\/p><p>Gli interessati che ritengono che il trattamento dei loro dati personali effettuato attraverso questo sito avvenga in violazione di quanto previsto dal Regolamento hanno il diritto di proporre reclamo al Garante per la protezione dei dati personali, come previsto dall\u2019art. 77 del Regolamento stesso, o di adire le opportune sedi giudiziarie (art. 79 del Regolamento).<\/p><div>\u00a0<\/div><div>\u00a0<\/div>\t\t\t\t\t\t\t\t<\/div>\n\t\t\t\t<\/div>\n\t\t\t\t\t<\/div>\n\t\t<\/div>\n\t\t\t\t\t<\/div>\n\t\t<\/section>\n\t\t\t\t<\/div>\n\t\t","protected":false},"excerpt":{"rendered":"<p>Avviso Legale INFORMAZIONI SUL TRATTAMENTO DEI DATI PERSONALI DEGLI UTENTI CHE NAVIGANO SUL SITO WWW.LARFINEDECO.COM 1.\u00a0 OGGETTO DELL\u2019INFORMATIVA Ai sensi dell\u2019articolo 13 del Regolamento (UE) 2016\/679 (di seguito, \u201cil Regolamento\u201d), le presenti informazioni riguardano i seguenti siti web: www.larfinedeco.com Sono&#8230;<\/p>\n","protected":false},"author":5,"featured_media":0,"parent":0,"menu_order":100,"comment_status":"closed","ping_status":"closed","template":"","meta":{"ngg_post_thumbnail":0,"footnotes":""},"class_list":["post-4489","page","type-page","status-publish","hentry"],"acf":[],"yoast_head":"<!-- This site is optimized with the Yoast SEO plugin v27.1.1 - https:\/\/yoast.com\/product\/yoast-seo-wordpress\/ -->\n<title>Avviso legale - Lar<\/title>\n<meta name=\"robots\" content=\"index, follow, max-snippet:-1, max-image-preview:large, max-video-preview:-1\" \/>\n<link rel=\"canonical\" href=\"https:\/\/larfinedeco.com\/it\/avviso-legale\/\" \/>\n<meta property=\"og:locale\" content=\"it_IT\" \/>\n<meta property=\"og:type\" content=\"article\" \/>\n<meta property=\"og:title\" content=\"Avviso legale - Lar\" \/>\n<meta property=\"og:description\" content=\"Avviso Legale INFORMAZIONI SUL TRATTAMENTO DEI DATI PERSONALI DEGLI UTENTI CHE NAVIGANO SUL SITO WWW.LARFINEDECO.COM 1.\u00a0 OGGETTO DELL\u2019INFORMATIVA Ai sensi dell\u2019articolo 13 del Regolamento (UE) 2016\/679 (di seguito, \u201cil Regolamento\u201d), le presenti informazioni riguardano i seguenti siti web: www.larfinedeco.com Sono...\" \/>\n<meta property=\"og:url\" content=\"https:\/\/larfinedeco.com\/it\/avviso-legale\/\" \/>\n<meta property=\"og:site_name\" content=\"Lar\" \/>\n<meta property=\"article:modified_time\" content=\"2022-03-30T11:32:47+00:00\" \/>\n<meta name=\"twitter:card\" content=\"summary_large_image\" \/>\n<meta name=\"twitter:label1\" content=\"Tempo di lettura stimato\" \/>\n\t<meta name=\"twitter:data1\" content=\"5 minuti\" \/>\n<script type=\"application\/ld+json\" class=\"yoast-schema-graph\">{\"@context\":\"https:\/\/schema.org\",\"@graph\":[{\"@type\":\"WebPage\",\"@id\":\"https:\/\/larfinedeco.com\/it\/avviso-legale\/\",\"url\":\"https:\/\/larfinedeco.com\/it\/avviso-legale\/\",\"name\":\"Avviso legale - Lar\",\"isPartOf\":{\"@id\":\"https:\/\/larfinedeco.com\/it\/#website\"},\"datePublished\":\"2022-03-07T10:04:59+00:00\",\"dateModified\":\"2022-03-30T11:32:47+00:00\",\"breadcrumb\":{\"@id\":\"https:\/\/larfinedeco.com\/it\/avviso-legale\/#breadcrumb\"},\"inLanguage\":\"it-IT\",\"potentialAction\":[{\"@type\":\"ReadAction\",\"target\":[\"https:\/\/larfinedeco.com\/it\/avviso-legale\/\"]}]},{\"@type\":\"BreadcrumbList\",\"@id\":\"https:\/\/larfinedeco.com\/it\/avviso-legale\/#breadcrumb\",\"itemListElement\":[{\"@type\":\"ListItem\",\"position\":1,\"name\":\"Home\",\"item\":\"https:\/\/larfinedeco.com\/it\/\"},{\"@type\":\"ListItem\",\"position\":2,\"name\":\"Avviso legale\"}]},{\"@type\":\"WebSite\",\"@id\":\"https:\/\/larfinedeco.com\/it\/#website\",\"url\":\"https:\/\/larfinedeco.com\/it\/\",\"name\":\"Lar\",\"description\":\"Decoraci\u00f3n\",\"potentialAction\":[{\"@type\":\"SearchAction\",\"target\":{\"@type\":\"EntryPoint\",\"urlTemplate\":\"https:\/\/larfinedeco.com\/it\/?s={search_term_string}\"},\"query-input\":{\"@type\":\"PropertyValueSpecification\",\"valueRequired\":true,\"valueName\":\"search_term_string\"}}],\"inLanguage\":\"it-IT\"}]}<\/script>\n<!-- \/ Yoast SEO plugin. -->","yoast_head_json":{"title":"Avviso legale - Lar","robots":{"index":"index","follow":"follow","max-snippet":"max-snippet:-1","max-image-preview":"max-image-preview:large","max-video-preview":"max-video-preview:-1"},"canonical":"https:\/\/larfinedeco.com\/it\/avviso-legale\/","og_locale":"it_IT","og_type":"article","og_title":"Avviso legale - Lar","og_description":"Avviso Legale INFORMAZIONI SUL TRATTAMENTO DEI DATI PERSONALI DEGLI UTENTI CHE NAVIGANO SUL SITO WWW.LARFINEDECO.COM 1.\u00a0 OGGETTO DELL\u2019INFORMATIVA Ai sensi dell\u2019articolo 13 del Regolamento (UE) 2016\/679 (di seguito, \u201cil Regolamento\u201d), le presenti informazioni riguardano i seguenti siti web: www.larfinedeco.com Sono...","og_url":"https:\/\/larfinedeco.com\/it\/avviso-legale\/","og_site_name":"Lar","article_modified_time":"2022-03-30T11:32:47+00:00","twitter_card":"summary_large_image","twitter_misc":{"Tempo di lettura stimato":"5 minuti"},"schema":{"@context":"https:\/\/schema.org","@graph":[{"@type":"WebPage","@id":"https:\/\/larfinedeco.com\/it\/avviso-legale\/","url":"https:\/\/larfinedeco.com\/it\/avviso-legale\/","name":"Avviso legale - Lar","isPartOf":{"@id":"https:\/\/larfinedeco.com\/it\/#website"},"datePublished":"2022-03-07T10:04:59+00:00","dateModified":"2022-03-30T11:32:47+00:00","breadcrumb":{"@id":"https:\/\/larfinedeco.com\/it\/avviso-legale\/#breadcrumb"},"inLanguage":"it-IT","potentialAction":[{"@type":"ReadAction","target":["https:\/\/larfinedeco.com\/it\/avviso-legale\/"]}]},{"@type":"BreadcrumbList","@id":"https:\/\/larfinedeco.com\/it\/avviso-legale\/#breadcrumb","itemListElement":[{"@type":"ListItem","position":1,"name":"Home","item":"https:\/\/larfinedeco.com\/it\/"},{"@type":"ListItem","position":2,"name":"Avviso legale"}]},{"@type":"WebSite","@id":"https:\/\/larfinedeco.com\/it\/#website","url":"https:\/\/larfinedeco.com\/it\/","name":"Lar","description":"Decoraci\u00f3n","potentialAction":[{"@type":"SearchAction","target":{"@type":"EntryPoint","urlTemplate":"https:\/\/larfinedeco.com\/it\/?s={search_term_string}"},"query-input":{"@type":"PropertyValueSpecification","valueRequired":true,"valueName":"search_term_string"}}],"inLanguage":"it-IT"}]}},"_links":{"self":[{"href":"https:\/\/larfinedeco.com\/it\/wp-json\/wp\/v2\/pages\/4489","targetHints":{"allow":["GET"]}}],"collection":[{"href":"https:\/\/larfinedeco.com\/it\/wp-json\/wp\/v2\/pages"}],"about":[{"href":"https:\/\/larfinedeco.com\/it\/wp-json\/wp\/v2\/types\/page"}],"author":[{"embeddable":true,"href":"https:\/\/larfinedeco.com\/it\/wp-json\/wp\/v2\/users\/5"}],"replies":[{"embeddable":true,"href":"https:\/\/larfinedeco.com\/it\/wp-json\/wp\/v2\/comments?post=4489"}],"version-history":[{"count":83,"href":"https:\/\/larfinedeco.com\/it\/wp-json\/wp\/v2\/pages\/4489\/revisions"}],"predecessor-version":[{"id":4949,"href":"https:\/\/larfinedeco.com\/it\/wp-json\/wp\/v2\/pages\/4489\/revisions\/4949"}],"wp:attachment":[{"href":"https:\/\/larfinedeco.com\/it\/wp-json\/wp\/v2\/media?parent=4489"}],"curies":[{"name":"wp","href":"https:\/\/api.w.org\/{rel}","templated":true}]}}