{"id":4593,"date":"2022-03-07T12:36:22","date_gmt":"2022-03-07T11:36:22","guid":{"rendered":"https:\/\/larfinedeco.com\/?page_id=4593"},"modified":"2022-07-04T16:49:24","modified_gmt":"2022-07-04T15:49:24","slug":"condizioni-generali-di-vendita","status":"publish","type":"page","link":"https:\/\/larfinedeco.com\/it\/condizioni-generali-di-vendita\/","title":{"rendered":"Condizioni generali di vendita"},"content":{"rendered":"\n<h1>Condizioni generali di vendita<\/h1>\n<p>Le presenti condizioni generali di vendita (di seguito, le \u201cCondizioni generali\u201d) disciplinano la vendita a distanza, sul sito web www.larfinedeco.com (di seguito, \u201cIl Sito\u201d) dei prodotti a marchio registrato dell\u2019Unione Europea LAR di MOODULA di Sandro Poli &amp; C SaS,&nbsp; con sede legale in Via di Saliceto, 22, 40128&nbsp; Bologna, Italia, Codice fiscale e partita iva: 03907651206, email: ciao@larfinedeco.it (di seguito, \u201cMOODULA\u201d o, il \u201cVenditore\u201d).<\/p>\n<p><strong>1. Come si applicano le presenti Condizioni generali<\/strong><\/p>\n<p>1.1 Le presenti Condizioni generali, pubblicate sul Sito in home page e di cui \u00e8 consentita al cliente la memorizzazione e la riproduzione, si applicano a tutti i contratti di vendita conclusi attraverso il Sito. Esse possono essere modificate in ogni momento da MOODULA. In ogni caso, nei confronti del Cliente sono valide le condizioni di vendita in vigore alla data di invio dell\u2019ordine di acquisto.<\/p>\n<p><strong>2. Come si acquistano i prodotti sul Sito<\/strong><\/p>\n<p><strong>Informazioni dirette alla conclusione del contratto con il Venditore ai sensi del Decreto Legislativo n. 70\/2003<\/strong><\/p>\n<p>2.1 Per concludere il contratto di acquisto di uno o pi\u00f9 prodotti, l\u2019utente dovr\u00e0 inviare per via telematica una proposta d\u2019ordine d\u2019acquisto al Venditore compilando il modulo disponibile sul Sito.<\/p>\n<p>2.2 Il Cliente si impegna a verificare la correttezza dei dati inseriti al momento dell\u2019ordine. Il Cliente \u00e8 tenuto a prendere visione delle condizioni generali di vendita e ad accettarle espressamente, spuntando l\u2019apposita casella.<\/p>\n<p>2.3 Una volta inviata la proposta, il Cliente ricever\u00e0 una mail automatica di conferma dell\u2019invio che non costituisce accettazione dell\u2019ordine da parte del Venditore.<\/p>\n<p>2.4 Il contratto \u00e8 concluso quando la proposta d\u2019ordine viene espressamente accettata dal Venditore.<\/p>\n<p>In conformit\u00e0 all\u2019articolo 51, comma 7, del Decreto Legislativo 6 settembre 2005, n. 206 (il \u201cCodice del Consumo\u201d), con la conferma d\u2019ordine, il Venditore fornir\u00e0 via e-mail: un riepilogo delle Condizioni Generali di vendita e delle condizioni particolari applicabili all\u2019acquisto, le informazioni sulle caratteristiche del prodotto ordinato con il relativo prezzo (comprensivo di tutte le tasse o imposte applicabili), sui mezzi di pagamento, sulle modalit\u00e0 e costi di consegna, sull\u2019 esercizio del diritto di recesso per i clienti consumatori, sui contatti del Servizio assistenza clienti.<\/p>\n<p>2.5 La proposta d\u2019ordine trasmessa sar\u00e0 archiviata presso la banca dati del Venditore per il periodo di tempo necessario all\u2019evasione della stessa e comunque nei termini di legge. Il cliente potr\u00e0 accedere al suo modulo di proposta d\u2019ordine, consultando la sezione \u201cIl Mio Ordine\u201d.<\/p>\n<p>2.6 Il Venditore si riserva il diritto di non accettare le proposte di ordini d\u2019acquisto che non diano sufficienti garanzie di solvibilit\u00e0 o che risultino incomplete o non corrette ovvero in caso di indisponibilit\u00e0 dei prodotti. Qualora i prodotti, presentati sul Sito non siano pi\u00f9 disponibili o in vendita al momento del ricevimento o evasione della proposta d\u2019ordine di acquisto, sar\u00e0 cura del Venditore comunicare al cliente, tempestivamente ed in ogni caso entro trenta (30) giorni, l\u2019eventuale indisponibilit\u00e0 dei prodotti. Se il prezzo \u00e8 gi\u00e0 stato pagato, il Venditore provveder\u00e0 a rimborsare, senza indebito ritardo, quanto gi\u00e0 anticipato dal cliente ed il contratto di vendita si intender\u00e0 risolto.<\/p>\n<p><strong>3. Registrazione al sito<\/strong><\/p>\n<p>3.1 L\u2019acquisto dei prodotti sul sito \u00e8 consentito ad utenti registrati.<\/p>\n<p>La registrazione al Sito \u00e8 gratuita. Per registrarsi al Sito l\u2019utente deve compilare il modulo di registrazione raggiungibile dal link \u201cLogin\u201d presente sul Sito. VERIFICARE<\/p>\n<p>3.2 Le credenziali di registrazione devono essere utilizzate esclusivamente dall\u2019utente e non possono essere cedute a terzi.<\/p>\n<p>3.3. L\u2019utente si impegna a tenerle segrete e ad assicurarsi che nessuno vi abbia accesso, nonch\u00e9 ad informare senza indugio il Venditore in caso di sospetto uso indebito e\/o divulgazione delle stesse.<\/p>\n<p>3.4 L\u2019utente garantisce che le informazioni personali fornite durante la procedura di registrazione al Sito sono complete e veritiere. L\u2019utente accetta di tenere il Venditore indenne da qualsiasi danno, obbligo risarcitorio e\/o sanzione derivante da e\/o in qualsiasi modo collegati alla violazione da parte dell\u2019utente delle regole sulla registrazione al Sito o sulla conservazione delle credenziali di registrazione<\/p>\n<p><strong>4. Caratteristiche e descrizione dei Prodotti<\/strong><\/p>\n<p>4.1 I Prodotti sono il risultato di lavorazioni sia industriali che artigianali: questo implica che alcune parti dei Prodotti siano realizzate a mano.<\/p>\n<p>4.2 Sul Sito, ogni prodotto \u00e8 accompagnato da una Scheda Prodotto relativa alle caratteristiche del Prodotto. Prima di effettuare l\u2019ordine, il Cliente \u00e8 tenuto a leggere la Scheda Prodotto e tutte le informazioni relative al Prodotto disponibili sul Sito.<\/p>\n<p>4.3 Le immagini presenti sul Sito riproducono quanto pi\u00f9 fedelmente possibile le caratteristiche dei Prodotti. I colori dei Prodotti, tuttavia, potrebbero differire da quelli reali per effetto delle impostazioni di visualizzazione dei sistemi informatici e dei computer utilizzati dagli utenti. Le immagini dei Prodotti potrebbero differire per dimensioni o in relazione ad eventuali accessori. Tali immagini devono pertanto essere intese come indicative e con le tolleranze d\u2019uso.<\/p>\n<p><strong>5. Prezzi<\/strong><\/p>\n<p>5.1 Tutti i prezzi di vendita dei Prodotti indicati all\u2019interno del Sito sono espressi in euro e costituiscono offerta al pubblico ai sensi dell\u2019articolo 1336 c.c. I prezzi di vendita si intendono comprensivi di IVA secondo le aliquote vigenti.<\/p>\n<p>5.2 I costi di spedizione e gli eventuali oneri accessori, se presenti, pur non ricompresi nel prezzo d\u2019acquisto, sono indicati e calcolati nella procedura di acquisto prima dell\u2019inoltro dell\u2019ordine da parte del Cliente e, altres\u00ec, contenuti nella pagina web di riepilogo dell\u2019ordine effettuato.<\/p>\n<p>5.3 Il Venditore si riserva il diritto di modificare i prezzi in ogni momento e senza preavviso. In ogni caso, valgono nei confronti del cliente i prezzi in vigore al momento dell\u2019ordine.<\/p>\n<p><strong>6. Pagamenti e rimborsi<\/strong><\/p>\n<p>6.1 I pagamenti da parte del Cliente avvengono obbligatoriamente al momento dell\u2019ordine con carta di credito, Paypal, ovvero per mezzo di uno dei metodi di pagamento indicati sul Sito.<\/p>\n<p>6.2 I Prodotti resteranno di propriet\u00e0 del Venditore fino all\u2019avvenuto pagamento da parte del cliente dell\u2019importo totale dovuto.<\/p>\n<p>6.3 Al fine di garantire la sicurezza dei pagamenti effettuati sul Sito e prevenire eventuali frodi, il Venditore si riserva il diritto di chiedere all\u2019utente di inviare, tramite e-mail, una copia fronte\/retro della sua carta d\u2019identit\u00e0 e, nel caso in cui l\u2019intestatario dell\u2019ordine sia diverso dall\u2019intestatario della carta, della carta d\u2019identit\u00e0 di quest\u2019ultimo. Il documento dovr\u00e0 essere in corso di validit\u00e0. Nella e-mail di richiesta del Venditore sar\u00e0 specificato il termine entro il quale il documento deve pervenire al Venditore. In attesa del documento richiesto, l\u2019ordine sar\u00e0 sospeso.<\/p>\n<p>6.4 Il mancato invio dei documenti nel termine richiesto o l\u2019invio di documenti non conformi comporta la risoluzione di diritto del contratto ex art. 1456 c.c. e la cancellazione dell\u2019ordine, con conseguente rimborso dell\u2019Importo eventualmente corrisposto.<\/p>\n<p>6.5 In caso di esercizio del diritto di recesso da parte del Cliente Consumatore, il rimborso verr\u00e0 accreditato mediante lo stesso mezzo di pagamento utilizzato dal Cliente Consumatore, o mediante una diversa modalit\u00e0 proposta dal Venditore e accettata dal Cliente Consumatore. Il rimborso avverr\u00e0 in modo tempestivo e al massimo entro 14 (quattordici) giorni dalla data in cui il Venditore ha ricevuto i prodotti resi e verificato la legittimit\u00e0 del reso effettuato dal Cliente Consumatore.<\/p>\n<p><strong>7.&nbsp;Consegna dei prodotti<\/strong><\/p>\n<p>7.1 I Prodotti saranno spediti all\u2019indirizzo indicato dal Cliente professionista nell\u2019ordine. Resta inteso che la consegna \u00e8 effettuata franco fabbrica presso la sede del Venditore ed il trasporto, anche con vettore scelto dal Venditore, \u00e8 effettuato per conto e sotto la responsabilit\u00e0 del Cliente professionista.<\/p>\n<p>7.2 In caso di Cliente Consumatore, i Prodotti saranno consegnati al domicilio indicato dal Consumatore entro 30 giorni dalla data dell\u2019ordine. Ove richiesto dalla natura e\/o dalla disponibilit\u00e0 del Prodotto (es. Prodotto da ordinare o Prodotto indisponibile), il Venditore potr\u00e0 proporre un termine di consegna superiore ai 30 giorni dalla data dell\u2019ordine. In tal caso, l\u2019accettazione del termine di consegna sar\u00e0 sottoposta all\u2019espressa approvazione del Cliente Consumatore.<\/p>\n<p>7.3 I tempi di consegna dei Prodotti indicati sul Sito e durante la procedura di acquisto sono indicativi e comunque da considerarsi validi qualora non sussistano impedimenti o cause di forza maggiore quali, a titolo esemplificativo e non esaustivo, scioperi, catastrofi naturali, eventi epidemici e pandemici, provvedimenti dell\u2019Autorit\u00e0. Nel caso di ritardi nella consegna, ne verr\u00e0 dato avviso al Cliente tramite e-mail.<\/p>\n<p>7.4 Al momento della consegna, il Cliente dovr\u00e0 controllare la corrispondenza dei Prodotti consegnati con quelli ordinati e, in particolare, l\u2019integrit\u00e0 e l\u2019assenza di difetti esteriori. Il Cliente \u00e8 tenuto a rifiutare la consegna o a firmare il documento di trasporto con riserva se il pacco ricevuto non appare integro.<\/p>\n<p><strong>8.&nbsp;Garanzia<\/strong><\/p>\n<p><strong>Cliente professionista<\/strong><\/p>\n<p>8.1 La garanzia applicata ai Prodotti copre i vizi di fabbricazione ma non quelli originati dal trasporto, anche ove il servizio di trasporto avvenga per il tramite di un vettore scelto dal Venditore. Il trasporto \u00e8 infatti assunto dal Venditore, a spese e a rischio del Cliente professionista. Valgono le condizioni e&nbsp; i termini ordinari di garanzia sulla vendita previsti dal Codice Civile.<\/p>\n<p><strong>Cliente consumatore<\/strong><\/p>\n<p>8.2 La garanzia legale di 24 mesi dalla consegna si applica al Prodotto acquistato dal Cliente Consumatore che presenti un difetto di conformit\u00e0.<\/p>\n<p>8.3 Un Prodotto presenta un difetto di conformit\u00e0 quando: a) non \u00e8 idoneo all\u2019uso al quale deve servire abitualmente; (b) non \u00e8 conforme alla descrizione o non possiede le qualit\u00e0 promesse dal venditore; (c) non offre le qualit\u00e0 e le prestazioni abituali di un bene dello stesso tipo; (d) non \u00e8 idoneo all\u2019uso particolare voluto dal consumatore se portato a conoscenza del venditore al momento dell\u2019acquisto ed accettato dal venditore.<\/p>\n<p>8.4 A pena di decadenza, il Cliente Consumatore \u00e8 tenuto a denunciare il difetto di conformit\u00e0 entro due mesi dalla sua scoperta. Il Cliente Consumatore pu\u00f2 chiedere a sua scelta al Venditore la riparazione o la sostituzione del Prodotto. In ogni caso, le riparazioni saranno effettuate entro un congruo termine dalla richiesta, senza arrecare notevoli inconvenienti al Cliente Consumatore. Se i rimedi sopramenzionati risultano impossibili o eccessivamente onerosi, il Cliente Consumatore ha diritto, a sua scelta, a una riduzione del prezzo o alla eventuale risoluzione del Contratto. La risoluzione del Contratto \u00e8 comunque esclusa nel caso in cui si sia verificato un difetto di conformit\u00e0 di lieve entit\u00e0 per il quale non \u00e8 possibile o \u00e8 eccessivamente onerosa la riparazione o la sostituzione.<\/p>\n<p>8.5 Sono espressamente esclusi dalla garanzia i difetti causati al Prodotto dall\u2019errato montaggio, da urti e cadute accidentali, dall\u2019uso improprio o non conforme alla normale destinazione d\u2019uso del Prodotto, dalla mancata osservanza delle istruzioni d\u2019uso, montaggio e manutenzione, dalla ordinaria usura e da ogni altra circostanza non riconducibile al Venditore.<\/p>\n<p>8.6 Il Cliente \u00e8 tenuto a consultare attentamente e conservare le istruzioni d\u2019uso, montaggio e manutenzione fornite con il Prodotto prima del suo utilizzo.<\/p>\n<p><strong>9. Privacy<\/strong><\/p>\n<p>Conformemente al Regolamento UE 679\/16&nbsp; (\u201cRegolamento sul trattamento dei dati personali \u2013 GDPR\u201d), il Cliente dichiara di aver preso visione dell\u2019informativa Privacy, presente sul sito web, all\u2019atto della compilazione dei moduli d\u2019ordine online.<\/p>\n<p><strong>10.&nbsp;&nbsp;<u>Diritto di recesso del Consumatore<\/u><\/strong><\/p>\n<p>10.1 Il cliente che riveste la qualifica di consumatore ai sensi dell\u2019art. 3, I comma, lett. a) del D. Lgs. 206\/2005 (\u201cCodice del Consumo\u201d) pu\u00f2 recedere dal contratto,&nbsp;<u>senza doverne specificare il motivo<\/u>, nel termine di 14 giorni dalla consegna. Le istruzioni tipo sul recesso, il rimborso ed il modulo di recesso sono messi a disposizione del cliente sul Sito&nbsp;www.larfinedeco.com, tramite il link \u201c<a href=\"https:\/\/larfinedeco.com\/modulo-di-reso\/\" target=\"_blank\" rel=\"noreferrer noopener\">Politica sui ritorno<\/a>\u201d; le dette istruzioni sono richiamate nella e-mail di conferma d\u2019ordine.<\/p>\n<p>10.2 Il Cliente Consumatore deve restituire il Prodotto, entro 14 giorni dalla data in cui ha comunicato la volont\u00e0 di recedere dal contratto, spedendolo al seguente indirizzo: MOODULA, Via di Saliceto, 22, 40128 Bologna. I costi di spedizione per la restituzione sono a carico del Cliente Consumatore e non sono rimborsabili.<\/p>\n<p>10.3 Il prodotto restituito dovr\u00e0 risultare in un normale stato di conservazione e sostanzialmente integro, dovr\u00e0 essere nella sua confezione originale, completo di tutti gli accessori, senza alcuna mancanza. 9.4 Il Consumatore risponder\u00e0 unicamente della diminuzione di valore del Prodotto risultante da una manipolazione diversa da quella necessaria per verificare la natura, le caratteristiche e il funzionamento del prodotto.<\/p>\n<p>10.4 Entro 14 giorni dal ricevimento dei prodotti restituiti e previa verifica dello stato e della identit\u00e0 dei medesimi, il Venditore provveder\u00e0 al rimborso dell\u2019intero prezzo versato dal Consumatore utilizzando lo stesso metodo di pagamento impiegato per l\u2019acquisto, senza alcuna responsabilit\u00e0 per eventuali ritardi nel rimborso ascrivibili al circuito di pagamento utilizzato dal Cliente.<\/p>\n<p><strong>11.&nbsp;&nbsp;Customer Care e reclami<\/strong><\/p>\n<p>E\u2019 possibile chiedere informazioni, inviare comunicazioni o inoltrare reclami relativi al Prodotto contattando il servizio clienti del Venditore con le seguenti modalit\u00e0 e ai seguenti recapiti:<\/p>\n<ul>\n<li>per e-mail, all\u2019indirizzo info@moodula.it;<\/li>\n<li>per telefono, al numero +39 351 7302373 (attivo dal luned\u00ec al venerd\u00ec, dalle 8:30 alle 18:30), esclusi i giorni di sabato e domenica e quelli di festivit\u00e0 nazionale;<\/li>\n<li>per posta, scrivendo a MOODULA, Via di Saliceto, 22, 40128 Bologna. Il Venditore risponder\u00e0 ai reclami per e-mail o per posta nel termine di cinque giorni lavorativi dal ricevimento degli stessi.<\/li>\n<\/ul>\n<p><strong>12. Legge applicabile<\/strong><\/p>\n<p>Il contratto sar\u00e0 regolato dalle presenti condizioni generali di vendita nonch\u00e9 dalla legge italiana (codice civile e, per i soli Clienti Consumatori, Codice del Consumo).<\/p>\n<p><strong>13.&nbsp;Risoluzione delle controversie<\/strong><\/p>\n<p>13.1 Nel caso di cliente consumatore, per ogni controversia relativa al contratto di vendita e alle presenti Condizioni \u00e8 competente il foro del luogo in cui il cliente risiede o ha eletto domicilio.<\/p>\n<p>13.2 Impregiudicato il diritto del consumatore di adire l\u2019autorit\u00e0 giudiziaria, ai sensi dell\u2019art. 141-sexies, comma 3 del Decreto Legislativo 6 settembre 2005, n. 206 (Codice del Consumo), lo stesso consumatore potr\u00e0 altres\u00ec ricorrere ad un Organismo di risoluzione extragiudiziale delle controversie (c.d. ODR), anche on-line. L\u2019elenco degli organismi ADR \u00e8 consultabile al seguente indirizzo&nbsp;<a href=\"http:\/\/ec.europa.eu\/consumers\/odr\/\">http:\/\/ec.europa.eu\/consumers\/odr\/<\/a><\/p>\n<p>13.3 Per tutte le altre controversie che coinvolgano una parte che non rivesta la qualifica di consumatore sar\u00e0 competente in via esclusiva il foro della sede del Venditore.<\/p>\n","protected":false},"excerpt":{"rendered":"<p>Condizioni generali di vendita Le presenti condizioni generali di vendita (di seguito, le \u201cCondizioni generali\u201d) disciplinano la vendita a distanza, sul sito web www.larfinedeco.com (di seguito, \u201cIl Sito\u201d) dei prodotti a marchio registrato dell\u2019Unione Europea LAR di MOODULA di Sandro&#8230;<\/p>\n","protected":false},"author":5,"featured_media":0,"parent":0,"menu_order":100,"comment_status":"closed","ping_status":"closed","template":"","meta":{"ngg_post_thumbnail":0,"footnotes":""},"class_list":["post-4593","page","type-page","status-publish","hentry"],"acf":[],"yoast_head":"<!-- This site is optimized with the Yoast SEO plugin v27.1.1 - https:\/\/yoast.com\/product\/yoast-seo-wordpress\/ -->\n<title>Condizioni generali di vendita - Lar<\/title>\n<meta name=\"robots\" content=\"index, follow, max-snippet:-1, max-image-preview:large, max-video-preview:-1\" \/>\n<link rel=\"canonical\" href=\"https:\/\/larfinedeco.com\/it\/condizioni-generali-di-vendita\/\" \/>\n<meta property=\"og:locale\" content=\"it_IT\" \/>\n<meta property=\"og:type\" content=\"article\" \/>\n<meta property=\"og:title\" content=\"Condizioni generali di vendita - Lar\" \/>\n<meta property=\"og:description\" content=\"Condizioni generali di vendita Le presenti condizioni generali di vendita (di seguito, le \u201cCondizioni generali\u201d) disciplinano la vendita a distanza, sul sito web www.larfinedeco.com (di seguito, \u201cIl Sito\u201d) dei prodotti a marchio registrato dell\u2019Unione Europea LAR di MOODULA di Sandro...\" \/>\n<meta property=\"og:url\" content=\"https:\/\/larfinedeco.com\/it\/condizioni-generali-di-vendita\/\" \/>\n<meta property=\"og:site_name\" content=\"Lar\" \/>\n<meta property=\"article:modified_time\" content=\"2022-07-04T15:49:24+00:00\" \/>\n<meta name=\"twitter:card\" content=\"summary_large_image\" \/>\n<meta name=\"twitter:label1\" content=\"Tempo di lettura stimato\" \/>\n\t<meta name=\"twitter:data1\" content=\"13 minuti\" \/>\n<script type=\"application\/ld+json\" class=\"yoast-schema-graph\">{\"@context\":\"https:\/\/schema.org\",\"@graph\":[{\"@type\":\"WebPage\",\"@id\":\"https:\/\/larfinedeco.com\/it\/condizioni-generali-di-vendita\/\",\"url\":\"https:\/\/larfinedeco.com\/it\/condizioni-generali-di-vendita\/\",\"name\":\"Condizioni generali di vendita - Lar\",\"isPartOf\":{\"@id\":\"https:\/\/larfinedeco.com\/it\/#website\"},\"datePublished\":\"2022-03-07T11:36:22+00:00\",\"dateModified\":\"2022-07-04T15:49:24+00:00\",\"breadcrumb\":{\"@id\":\"https:\/\/larfinedeco.com\/it\/condizioni-generali-di-vendita\/#breadcrumb\"},\"inLanguage\":\"it-IT\",\"potentialAction\":[{\"@type\":\"ReadAction\",\"target\":[\"https:\/\/larfinedeco.com\/it\/condizioni-generali-di-vendita\/\"]}]},{\"@type\":\"BreadcrumbList\",\"@id\":\"https:\/\/larfinedeco.com\/it\/condizioni-generali-di-vendita\/#breadcrumb\",\"itemListElement\":[{\"@type\":\"ListItem\",\"position\":1,\"name\":\"Home\",\"item\":\"https:\/\/larfinedeco.com\/it\/\"},{\"@type\":\"ListItem\",\"position\":2,\"name\":\"Condizioni generali di vendita\"}]},{\"@type\":\"WebSite\",\"@id\":\"https:\/\/larfinedeco.com\/it\/#website\",\"url\":\"https:\/\/larfinedeco.com\/it\/\",\"name\":\"Lar\",\"description\":\"Decoraci\u00f3n\",\"potentialAction\":[{\"@type\":\"SearchAction\",\"target\":{\"@type\":\"EntryPoint\",\"urlTemplate\":\"https:\/\/larfinedeco.com\/it\/?s={search_term_string}\"},\"query-input\":{\"@type\":\"PropertyValueSpecification\",\"valueRequired\":true,\"valueName\":\"search_term_string\"}}],\"inLanguage\":\"it-IT\"}]}<\/script>\n<!-- \/ Yoast SEO plugin. -->","yoast_head_json":{"title":"Condizioni generali di vendita - Lar","robots":{"index":"index","follow":"follow","max-snippet":"max-snippet:-1","max-image-preview":"max-image-preview:large","max-video-preview":"max-video-preview:-1"},"canonical":"https:\/\/larfinedeco.com\/it\/condizioni-generali-di-vendita\/","og_locale":"it_IT","og_type":"article","og_title":"Condizioni generali di vendita - Lar","og_description":"Condizioni generali di vendita Le presenti condizioni generali di vendita (di seguito, le \u201cCondizioni generali\u201d) disciplinano la vendita a distanza, sul sito web www.larfinedeco.com (di seguito, \u201cIl Sito\u201d) dei prodotti a marchio registrato dell\u2019Unione Europea LAR di MOODULA di Sandro...","og_url":"https:\/\/larfinedeco.com\/it\/condizioni-generali-di-vendita\/","og_site_name":"Lar","article_modified_time":"2022-07-04T15:49:24+00:00","twitter_card":"summary_large_image","twitter_misc":{"Tempo di lettura stimato":"13 minuti"},"schema":{"@context":"https:\/\/schema.org","@graph":[{"@type":"WebPage","@id":"https:\/\/larfinedeco.com\/it\/condizioni-generali-di-vendita\/","url":"https:\/\/larfinedeco.com\/it\/condizioni-generali-di-vendita\/","name":"Condizioni generali di vendita - Lar","isPartOf":{"@id":"https:\/\/larfinedeco.com\/it\/#website"},"datePublished":"2022-03-07T11:36:22+00:00","dateModified":"2022-07-04T15:49:24+00:00","breadcrumb":{"@id":"https:\/\/larfinedeco.com\/it\/condizioni-generali-di-vendita\/#breadcrumb"},"inLanguage":"it-IT","potentialAction":[{"@type":"ReadAction","target":["https:\/\/larfinedeco.com\/it\/condizioni-generali-di-vendita\/"]}]},{"@type":"BreadcrumbList","@id":"https:\/\/larfinedeco.com\/it\/condizioni-generali-di-vendita\/#breadcrumb","itemListElement":[{"@type":"ListItem","position":1,"name":"Home","item":"https:\/\/larfinedeco.com\/it\/"},{"@type":"ListItem","position":2,"name":"Condizioni generali di vendita"}]},{"@type":"WebSite","@id":"https:\/\/larfinedeco.com\/it\/#website","url":"https:\/\/larfinedeco.com\/it\/","name":"Lar","description":"Decoraci\u00f3n","potentialAction":[{"@type":"SearchAction","target":{"@type":"EntryPoint","urlTemplate":"https:\/\/larfinedeco.com\/it\/?s={search_term_string}"},"query-input":{"@type":"PropertyValueSpecification","valueRequired":true,"valueName":"search_term_string"}}],"inLanguage":"it-IT"}]}},"_links":{"self":[{"href":"https:\/\/larfinedeco.com\/it\/wp-json\/wp\/v2\/pages\/4593","targetHints":{"allow":["GET"]}}],"collection":[{"href":"https:\/\/larfinedeco.com\/it\/wp-json\/wp\/v2\/pages"}],"about":[{"href":"https:\/\/larfinedeco.com\/it\/wp-json\/wp\/v2\/types\/page"}],"author":[{"embeddable":true,"href":"https:\/\/larfinedeco.com\/it\/wp-json\/wp\/v2\/users\/5"}],"replies":[{"embeddable":true,"href":"https:\/\/larfinedeco.com\/it\/wp-json\/wp\/v2\/comments?post=4593"}],"version-history":[{"count":34,"href":"https:\/\/larfinedeco.com\/it\/wp-json\/wp\/v2\/pages\/4593\/revisions"}],"predecessor-version":[{"id":5187,"href":"https:\/\/larfinedeco.com\/it\/wp-json\/wp\/v2\/pages\/4593\/revisions\/5187"}],"wp:attachment":[{"href":"https:\/\/larfinedeco.com\/it\/wp-json\/wp\/v2\/media?parent=4593"}],"curies":[{"name":"wp","href":"https:\/\/api.w.org\/{rel}","templated":true}]}}