{"id":5328,"date":"2022-10-19T17:29:13","date_gmt":"2022-10-19T16:29:13","guid":{"rendered":"https:\/\/larfinedeco.com\/?page_id=5328"},"modified":"2023-01-03T19:23:47","modified_gmt":"2023-01-03T18:23:47","slug":"blog","status":"publish","type":"page","link":"https:\/\/larfinedeco.com\/it\/blog\/","title":{"rendered":"Blog"},"content":{"rendered":"\t\t<div data-elementor-type=\"wp-page\" data-elementor-id=\"5328\" class=\"elementor elementor-5328\" data-elementor-post-type=\"page\">\n\t\t\t\t\t\t<section class=\"elementor-section elementor-top-section elementor-element elementor-element-e8483aa elementor-section-boxed elementor-section-height-default elementor-section-height-default\" data-id=\"e8483aa\" data-element_type=\"section\" data-e-type=\"section\">\n\t\t\t\t\t\t<div class=\"elementor-container elementor-column-gap-default\">\n\t\t\t\t\t<div class=\"elementor-column elementor-col-100 elementor-top-column elementor-element elementor-element-40137f5\" data-id=\"40137f5\" data-element_type=\"column\" data-e-type=\"column\">\n\t\t\t<div class=\"elementor-widget-wrap elementor-element-populated\">\n\t\t\t\t\t\t<div class=\"elementor-element elementor-element-9c89ed2 elementor-widget elementor-widget-text-editor\" data-id=\"9c89ed2\" data-element_type=\"widget\" data-e-type=\"widget\" data-widget_type=\"text-editor.default\">\n\t\t\t\t<div class=\"elementor-widget-container\">\n\t\t\t\t\t\t\t\t\t<p style=\"text-align: center;\">Blog<\/p>\t\t\t\t\t\t\t\t<\/div>\n\t\t\t\t<\/div>\n\t\t\t\t\t<\/div>\n\t\t<\/div>\n\t\t\t\t\t<\/div>\n\t\t<\/section>\n\t\t\t\t<section class=\"elementor-section elementor-top-section elementor-element elementor-element-0dd9127 archiveblog elementor-section-boxed elementor-section-height-default elementor-section-height-default\" data-id=\"0dd9127\" data-element_type=\"section\" data-e-type=\"section\">\n\t\t\t\t\t\t<div class=\"elementor-container elementor-column-gap-default\">\n\t\t\t\t\t<div class=\"elementor-column elementor-col-100 elementor-top-column elementor-element elementor-element-9f85d46\" data-id=\"9f85d46\" data-element_type=\"column\" data-e-type=\"column\">\n\t\t\t<div class=\"elementor-widget-wrap elementor-element-populated\">\n\t\t\t\t\t\t<div class=\"elementor-element elementor-element-ba531a5 elementor-grid-3 elementor-grid-tablet-2 elementor-grid-mobile-1 elementor-posts--thumbnail-top elementor-card-shadow-yes elementor-posts__hover-gradient elementor-widget elementor-widget-posts\" data-id=\"ba531a5\" data-element_type=\"widget\" data-e-type=\"widget\" data-settings=\"{&quot;cards_columns&quot;:&quot;3&quot;,&quot;cards_columns_tablet&quot;:&quot;2&quot;,&quot;cards_columns_mobile&quot;:&quot;1&quot;,&quot;cards_row_gap&quot;:{&quot;unit&quot;:&quot;px&quot;,&quot;size&quot;:35,&quot;sizes&quot;:[]},&quot;cards_row_gap_tablet&quot;:{&quot;unit&quot;:&quot;px&quot;,&quot;size&quot;:&quot;&quot;,&quot;sizes&quot;:[]},&quot;cards_row_gap_mobile&quot;:{&quot;unit&quot;:&quot;px&quot;,&quot;size&quot;:&quot;&quot;,&quot;sizes&quot;:[]}}\" data-widget_type=\"posts.cards\">\n\t\t\t\t<div class=\"elementor-widget-container\">\n\t\t\t\t\t\t\t<div class=\"elementor-posts-container elementor-posts elementor-posts--skin-cards elementor-grid\" role=\"list\">\n\t\t\t\t<article class=\"elementor-post elementor-grid-item post-5473 post type-post status-publish format-standard has-post-thumbnail hentry category-arredare-casa\" role=\"listitem\">\n\t\t\t<div class=\"elementor-post__card\">\n\t\t\t\t<a class=\"elementor-post__thumbnail__link\" href=\"https:\/\/larfinedeco.com\/it\/tendenze-arredamento-2023\/\" tabindex=\"-1\" ><div class=\"elementor-post__thumbnail\"><img fetchpriority=\"high\" decoding=\"async\" width=\"300\" height=\"171\" src=\"https:\/\/larfinedeco.com\/wp-content\/uploads\/2022\/01\/Fotos-header-LAR4-300x171.jpg\" class=\"attachment-medium size-medium wp-image-2877\" alt=\"tendenze arredamento portacandele in acciaio cartesiana\" srcset=\"https:\/\/larfinedeco.com\/wp-content\/uploads\/2022\/01\/Fotos-header-LAR4-300x171.jpg 300w, https:\/\/larfinedeco.com\/wp-content\/uploads\/2022\/01\/Fotos-header-LAR4-1024x583.jpg 1024w, https:\/\/larfinedeco.com\/wp-content\/uploads\/2022\/01\/Fotos-header-LAR4-768x437.jpg 768w, https:\/\/larfinedeco.com\/wp-content\/uploads\/2022\/01\/Fotos-header-LAR4-600x341.jpg 600w, https:\/\/larfinedeco.com\/wp-content\/uploads\/2022\/01\/Fotos-header-LAR4.jpg 1501w\" sizes=\"(max-width: 300px) 100vw, 300px\" \/><\/div><\/a>\n\t\t\t\t<div class=\"elementor-post__text\">\n\t\t\t\t<h3 class=\"elementor-post__title\">\n\t\t\t<a href=\"https:\/\/larfinedeco.com\/it\/tendenze-arredamento-2023\/\" >\n\t\t\t\tTendenze arredamento 2023: casa minimal, cozy e\u2026speziata\t\t\t<\/a>\n\t\t<\/h3>\n\t\t\t\t<div class=\"elementor-post__excerpt\">\n\t\t\t<p>C\u2019\u00e8 una parola che pu\u00f2 racchiudere le tendenze arredamento 2023 ed \u00e8 cozy, termine che pu\u00f2 essere tradotto come \u2018accogliente\u2019, ma anche come \u2018confortevole\u2019. L\u2019arredo cozy \u00e8 molto di pi\u00f9 di questo, \u00e8 una serie di scelte che riflettono il<\/p>\n\t\t<\/div>\n\t\t\n\t\t<a class=\"elementor-post__read-more\" href=\"https:\/\/larfinedeco.com\/it\/tendenze-arredamento-2023\/\" aria-label=\"Read more about Tendenze arredamento 2023: casa minimal, cozy e\u2026speziata\" tabindex=\"-1\" >\n\t\t\tLeggi di pi\u00f9 \u00bb\t\t<\/a>\n\n\t\t\t\t<\/div>\n\t\t\t\t\t<\/div>\n\t\t<\/article>\n\t\t\t\t<article class=\"elementor-post elementor-grid-item post-5467 post type-post status-publish format-standard has-post-thumbnail hentry category-casa-green\" role=\"listitem\">\n\t\t\t<div class=\"elementor-post__card\">\n\t\t\t\t<a class=\"elementor-post__thumbnail__link\" href=\"https:\/\/larfinedeco.com\/it\/consigli-green-per-arredare-casa\/\" tabindex=\"-1\" ><div class=\"elementor-post__thumbnail\"><img decoding=\"async\" width=\"300\" height=\"300\" src=\"https:\/\/larfinedeco.com\/wp-content\/uploads\/2021\/05\/TANDEM_PP_V2-1-300x300.jpg\" class=\"attachment-medium size-medium wp-image-3799\" alt=\"consigli green per arredare casa\" srcset=\"https:\/\/larfinedeco.com\/wp-content\/uploads\/2021\/05\/TANDEM_PP_V2-1-300x300.jpg 300w, https:\/\/larfinedeco.com\/wp-content\/uploads\/2021\/05\/TANDEM_PP_V2-1-150x150.jpg 150w, https:\/\/larfinedeco.com\/wp-content\/uploads\/2021\/05\/TANDEM_PP_V2-1-768x768.jpg 768w, https:\/\/larfinedeco.com\/wp-content\/uploads\/2021\/05\/TANDEM_PP_V2-1-600x600.jpg 600w, https:\/\/larfinedeco.com\/wp-content\/uploads\/2021\/05\/TANDEM_PP_V2-1-100x100.jpg 100w, https:\/\/larfinedeco.com\/wp-content\/uploads\/2021\/05\/TANDEM_PP_V2-1.jpg 960w\" sizes=\"(max-width: 300px) 100vw, 300px\" \/><\/div><\/a>\n\t\t\t\t<div class=\"elementor-post__text\">\n\t\t\t\t<h3 class=\"elementor-post__title\">\n\t\t\t<a href=\"https:\/\/larfinedeco.com\/it\/consigli-green-per-arredare-casa\/\" >\n\t\t\t\tConsigli green per arredare casa\t\t\t<\/a>\n\t\t<\/h3>\n\t\t\t\t<div class=\"elementor-post__excerpt\">\n\t\t\t<p>Possiamo fare tutti qualcosa per prenderci cura della natura e ridurre l\u2019impatto ambientale. Il bello \u00e8 che possiamo farlo partendo dai gesti di ogni giorno, che coinvolgono l\u2019impiego delle materie prime con cui arrediamo la nostra casa e le risorse<\/p>\n\t\t<\/div>\n\t\t\n\t\t<a class=\"elementor-post__read-more\" href=\"https:\/\/larfinedeco.com\/it\/consigli-green-per-arredare-casa\/\" aria-label=\"Read more about Consigli green per arredare casa\" tabindex=\"-1\" >\n\t\t\tLeggi di pi\u00f9 \u00bb\t\t<\/a>\n\n\t\t\t\t<\/div>\n\t\t\t\t\t<\/div>\n\t\t<\/article>\n\t\t\t\t<article class=\"elementor-post elementor-grid-item post-5432 post type-post status-publish format-standard has-post-thumbnail hentry category-benessere-in-casa\" role=\"listitem\">\n\t\t\t<div class=\"elementor-post__card\">\n\t\t\t\t<a class=\"elementor-post__thumbnail__link\" href=\"https:\/\/larfinedeco.com\/it\/arredare-casa-con-il-feng-shui\/\" tabindex=\"-1\" ><div class=\"elementor-post__thumbnail\"><img decoding=\"async\" width=\"300\" height=\"300\" src=\"https:\/\/larfinedeco.com\/wp-content\/uploads\/2021\/10\/210721_MOODULA_Portafiala_Bastoncini_2-1-300x300.jpg\" class=\"attachment-medium size-medium wp-image-3798\" alt=\"Feng shui arredamento\" srcset=\"https:\/\/larfinedeco.com\/wp-content\/uploads\/2021\/10\/210721_MOODULA_Portafiala_Bastoncini_2-1-300x300.jpg 300w, https:\/\/larfinedeco.com\/wp-content\/uploads\/2021\/10\/210721_MOODULA_Portafiala_Bastoncini_2-1-1024x1024.jpg 1024w, https:\/\/larfinedeco.com\/wp-content\/uploads\/2021\/10\/210721_MOODULA_Portafiala_Bastoncini_2-1-150x150.jpg 150w, https:\/\/larfinedeco.com\/wp-content\/uploads\/2021\/10\/210721_MOODULA_Portafiala_Bastoncini_2-1-768x768.jpg 768w, https:\/\/larfinedeco.com\/wp-content\/uploads\/2021\/10\/210721_MOODULA_Portafiala_Bastoncini_2-1-600x600.jpg 600w, https:\/\/larfinedeco.com\/wp-content\/uploads\/2021\/10\/210721_MOODULA_Portafiala_Bastoncini_2-1-100x100.jpg 100w, https:\/\/larfinedeco.com\/wp-content\/uploads\/2021\/10\/210721_MOODULA_Portafiala_Bastoncini_2-1.jpg 1200w\" sizes=\"(max-width: 300px) 100vw, 300px\" \/><\/div><\/a>\n\t\t\t\t<div class=\"elementor-post__text\">\n\t\t\t\t<h3 class=\"elementor-post__title\">\n\t\t\t<a href=\"https:\/\/larfinedeco.com\/it\/arredare-casa-con-il-feng-shui\/\" >\n\t\t\t\tArredare casa con il Feng Shui\t\t\t<\/a>\n\t\t<\/h3>\n\t\t\t\t<div class=\"elementor-post__excerpt\">\n\t\t\t<p>In occidente il rapporto Feng Shui casa e arredo ha un obiettivo ben preciso: organizzare il posto dove viviamo in modo armonico, per permettere che l\u2019energia scorra liberamente e influisca positivamente sulla nostra vita. Leggenda narra che il Feng Shui<\/p>\n\t\t<\/div>\n\t\t\n\t\t<a class=\"elementor-post__read-more\" href=\"https:\/\/larfinedeco.com\/it\/arredare-casa-con-il-feng-shui\/\" aria-label=\"Read more about Arredare casa con il Feng Shui\" tabindex=\"-1\" >\n\t\t\tLeggi di pi\u00f9 \u00bb\t\t<\/a>\n\n\t\t\t\t<\/div>\n\t\t\t\t\t<\/div>\n\t\t<\/article>\n\t\t\t\t<article class=\"elementor-post elementor-grid-item post-5410 post type-post status-publish format-standard has-post-thumbnail hentry category-arredare-casa\" role=\"listitem\">\n\t\t\t<div class=\"elementor-post__card\">\n\t\t\t\t<a class=\"elementor-post__thumbnail__link\" href=\"https:\/\/larfinedeco.com\/it\/idee-regalo-design-casa\/\" tabindex=\"-1\" ><div class=\"elementor-post__thumbnail\"><img loading=\"lazy\" decoding=\"async\" width=\"300\" height=\"200\" src=\"https:\/\/larfinedeco.com\/wp-content\/uploads\/2022\/10\/Idee-regalo-design-casa-1-300x200.jpg\" class=\"attachment-medium size-medium wp-image-5415\" alt=\"\" srcset=\"https:\/\/larfinedeco.com\/wp-content\/uploads\/2022\/10\/Idee-regalo-design-casa-1-300x200.jpg 300w, https:\/\/larfinedeco.com\/wp-content\/uploads\/2022\/10\/Idee-regalo-design-casa-1-768x512.jpg 768w, https:\/\/larfinedeco.com\/wp-content\/uploads\/2022\/10\/Idee-regalo-design-casa-1-600x400.jpg 600w, https:\/\/larfinedeco.com\/wp-content\/uploads\/2022\/10\/Idee-regalo-design-casa-1.jpg 900w\" sizes=\"(max-width: 300px) 100vw, 300px\" \/><\/div><\/a>\n\t\t\t\t<div class=\"elementor-post__text\">\n\t\t\t\t<h3 class=\"elementor-post__title\">\n\t\t\t<a href=\"https:\/\/larfinedeco.com\/it\/idee-regalo-design-casa\/\" >\n\t\t\t\tIdee regalo di design per la casa\t\t\t<\/a>\n\t\t<\/h3>\n\t\t\t\t<div class=\"elementor-post__excerpt\">\n\t\t\t<p>Le idee regalo di design per la casa sono un dono che scalda l\u2019ambiente (e anche il cuore). Potrebbe essere una regola da scrivere nel manuale del dono perfetto: le idee regalo di design per la casa sono ottime in<\/p>\n\t\t<\/div>\n\t\t\n\t\t<a class=\"elementor-post__read-more\" href=\"https:\/\/larfinedeco.com\/it\/idee-regalo-design-casa\/\" aria-label=\"Read more about Idee regalo di design per la casa\" tabindex=\"-1\" >\n\t\t\tLeggi di pi\u00f9 \u00bb\t\t<\/a>\n\n\t\t\t\t<\/div>\n\t\t\t\t\t<\/div>\n\t\t<\/article>\n\t\t\t\t<article class=\"elementor-post elementor-grid-item post-5253 post type-post status-publish format-standard has-post-thumbnail hentry category-arredare-casa\" role=\"listitem\">\n\t\t\t<div class=\"elementor-post__card\">\n\t\t\t\t<a class=\"elementor-post__thumbnail__link\" href=\"https:\/\/larfinedeco.com\/it\/metodo-konmari-magico-potere-del-riordino\/\" tabindex=\"-1\" ><div class=\"elementor-post__thumbnail\"><img loading=\"lazy\" decoding=\"async\" width=\"300\" height=\"200\" src=\"https:\/\/larfinedeco.com\/wp-content\/uploads\/2022\/10\/metodo-konmari-riordino-300x200.jpeg\" class=\"attachment-medium size-medium wp-image-5324\" alt=\"\" srcset=\"https:\/\/larfinedeco.com\/wp-content\/uploads\/2022\/10\/metodo-konmari-riordino-300x200.jpeg 300w, https:\/\/larfinedeco.com\/wp-content\/uploads\/2022\/10\/metodo-konmari-riordino-1024x682.jpeg 1024w, https:\/\/larfinedeco.com\/wp-content\/uploads\/2022\/10\/metodo-konmari-riordino-768x512.jpeg 768w, https:\/\/larfinedeco.com\/wp-content\/uploads\/2022\/10\/metodo-konmari-riordino-600x400.jpeg 600w, https:\/\/larfinedeco.com\/wp-content\/uploads\/2022\/10\/metodo-konmari-riordino.jpeg 1280w\" sizes=\"(max-width: 300px) 100vw, 300px\" \/><\/div><\/a>\n\t\t\t\t<div class=\"elementor-post__text\">\n\t\t\t\t<h3 class=\"elementor-post__title\">\n\t\t\t<a href=\"https:\/\/larfinedeco.com\/it\/metodo-konmari-magico-potere-del-riordino\/\" >\n\t\t\t\tIl metodo Konmari e il magico potere del riordino\t\t\t<\/a>\n\t\t<\/h3>\n\t\t\t\t<div class=\"elementor-post__excerpt\">\n\t\t\t<p>Si chiama metodo Konmari e il nome arriva dalla sua inventrice, la guru giapponese della cura della casa Marie Kondo. Cos\u2019\u00e8 il metodo Konmari&nbsp; Tutto \u00e8 nato con il suo best seller \u201cThe Life-Changing Magic of Tidying Up: The Japanese<\/p>\n\t\t<\/div>\n\t\t\n\t\t<a class=\"elementor-post__read-more\" href=\"https:\/\/larfinedeco.com\/it\/metodo-konmari-magico-potere-del-riordino\/\" aria-label=\"Read more about Il metodo Konmari e il magico potere del riordino\" tabindex=\"-1\" >\n\t\t\tLeggi di pi\u00f9 \u00bb\t\t<\/a>\n\n\t\t\t\t<\/div>\n\t\t\t\t\t<\/div>\n\t\t<\/article>\n\t\t\t\t<article class=\"elementor-post elementor-grid-item post-5310 post type-post status-publish format-standard has-post-thumbnail hentry category-casa-green\" role=\"listitem\">\n\t\t\t<div class=\"elementor-post__card\">\n\t\t\t\t<a class=\"elementor-post__thumbnail__link\" href=\"https:\/\/larfinedeco.com\/it\/eco-design-cose-e-perche-lo-abbracciamo\/\" tabindex=\"-1\" ><div class=\"elementor-post__thumbnail\"><img loading=\"lazy\" decoding=\"async\" width=\"300\" height=\"200\" src=\"https:\/\/larfinedeco.com\/wp-content\/uploads\/2022\/10\/Eco-Design-300x200.jpeg\" class=\"attachment-medium size-medium wp-image-5320\" alt=\"\" srcset=\"https:\/\/larfinedeco.com\/wp-content\/uploads\/2022\/10\/Eco-Design-300x200.jpeg 300w, https:\/\/larfinedeco.com\/wp-content\/uploads\/2022\/10\/Eco-Design-768x512.jpeg 768w, https:\/\/larfinedeco.com\/wp-content\/uploads\/2022\/10\/Eco-Design-600x400.jpeg 600w, https:\/\/larfinedeco.com\/wp-content\/uploads\/2022\/10\/Eco-Design.jpeg 900w\" sizes=\"(max-width: 300px) 100vw, 300px\" \/><\/div><\/a>\n\t\t\t\t<div class=\"elementor-post__text\">\n\t\t\t\t<h3 class=\"elementor-post__title\">\n\t\t\t<a href=\"https:\/\/larfinedeco.com\/it\/eco-design-cose-e-perche-lo-abbracciamo\/\" >\n\t\t\t\tEco design: cos\u2019\u00e8 e perch\u00e9 lo abbracciamo\t\t\t<\/a>\n\t\t<\/h3>\n\t\t\t\t<div class=\"elementor-post__excerpt\">\n\t\t\t<p>Sentiamo spesso parlare di eco design, ma cosa significa questo termine? Cosa intendiamo per design di interni ecosostenibile? Possiamo \u2018tradurre\u2019 la parola eco design come l\u2019unione fra l\u2019attenzione per l\u2019ambiente, ovvero l\u2019ecologia, e il design, che \u00e8 l\u2019ideazione e la<\/p>\n\t\t<\/div>\n\t\t\n\t\t<a class=\"elementor-post__read-more\" href=\"https:\/\/larfinedeco.com\/it\/eco-design-cose-e-perche-lo-abbracciamo\/\" aria-label=\"Read more about Eco design: cos\u2019\u00e8 e perch\u00e9 lo abbracciamo\" tabindex=\"-1\" >\n\t\t\tLeggi di pi\u00f9 \u00bb\t\t<\/a>\n\n\t\t\t\t<\/div>\n\t\t\t\t\t<\/div>\n\t\t<\/article>\n\t\t\t\t<article class=\"elementor-post elementor-grid-item post-5299 post type-post status-publish format-standard has-post-thumbnail hentry category-benessere-in-casa\" role=\"listitem\">\n\t\t\t<div class=\"elementor-post__card\">\n\t\t\t\t<a class=\"elementor-post__thumbnail__link\" href=\"https:\/\/larfinedeco.com\/it\/come-arredare-casa-in-stile-hygge\/\" tabindex=\"-1\" ><div class=\"elementor-post__thumbnail\"><img loading=\"lazy\" decoding=\"async\" width=\"300\" height=\"200\" src=\"https:\/\/larfinedeco.com\/wp-content\/uploads\/2022\/10\/Hygge-filosofia-300x200.jpeg\" class=\"attachment-medium size-medium wp-image-5316\" alt=\"\" srcset=\"https:\/\/larfinedeco.com\/wp-content\/uploads\/2022\/10\/Hygge-filosofia-300x200.jpeg 300w, https:\/\/larfinedeco.com\/wp-content\/uploads\/2022\/10\/Hygge-filosofia-768x512.jpeg 768w, https:\/\/larfinedeco.com\/wp-content\/uploads\/2022\/10\/Hygge-filosofia-600x400.jpeg 600w, https:\/\/larfinedeco.com\/wp-content\/uploads\/2022\/10\/Hygge-filosofia.jpeg 900w\" sizes=\"(max-width: 300px) 100vw, 300px\" \/><\/div><\/a>\n\t\t\t\t<div class=\"elementor-post__text\">\n\t\t\t\t<h3 class=\"elementor-post__title\">\n\t\t\t<a href=\"https:\/\/larfinedeco.com\/it\/come-arredare-casa-in-stile-hygge\/\" >\n\t\t\t\tCome arredare casa in stile Hygge?\t\t\t<\/a>\n\t\t<\/h3>\n\t\t\t\t<div class=\"elementor-post__excerpt\">\n\t\t\t<p>Vivere Hygge: la filosofia danese che ha conquistato milioni di persone nel mondo va dritta al punto: per essere felici non serve chiss\u00e0 cosa, bastano alcune attenzioni per rendere la propria casa e la propria vita accogliente, quindi felice.&nbsp; La<\/p>\n\t\t<\/div>\n\t\t\n\t\t<a class=\"elementor-post__read-more\" href=\"https:\/\/larfinedeco.com\/it\/come-arredare-casa-in-stile-hygge\/\" aria-label=\"Read more about Come arredare casa in stile Hygge?\" tabindex=\"-1\" >\n\t\t\tLeggi di pi\u00f9 \u00bb\t\t<\/a>\n\n\t\t\t\t<\/div>\n\t\t\t\t\t<\/div>\n\t\t<\/article>\n\t\t\t\t<article class=\"elementor-post elementor-grid-item post-5209 post type-post status-publish format-standard has-post-thumbnail hentry category-arredare-casa\" role=\"listitem\">\n\t\t\t<div class=\"elementor-post__card\">\n\t\t\t\t<a class=\"elementor-post__thumbnail__link\" href=\"https:\/\/larfinedeco.com\/it\/arredare-con-le-candele-creare-emozione-e-calore\/\" tabindex=\"-1\" ><div class=\"elementor-post__thumbnail\"><img loading=\"lazy\" decoding=\"async\" width=\"300\" height=\"171\" src=\"https:\/\/larfinedeco.com\/wp-content\/uploads\/2022\/01\/Fotos-header-LAR5-300x171.jpg\" class=\"attachment-medium size-medium wp-image-2879\" alt=\"\" srcset=\"https:\/\/larfinedeco.com\/wp-content\/uploads\/2022\/01\/Fotos-header-LAR5-300x171.jpg 300w, https:\/\/larfinedeco.com\/wp-content\/uploads\/2022\/01\/Fotos-header-LAR5-1024x583.jpg 1024w, https:\/\/larfinedeco.com\/wp-content\/uploads\/2022\/01\/Fotos-header-LAR5-768x437.jpg 768w, https:\/\/larfinedeco.com\/wp-content\/uploads\/2022\/01\/Fotos-header-LAR5-600x341.jpg 600w, https:\/\/larfinedeco.com\/wp-content\/uploads\/2022\/01\/Fotos-header-LAR5.jpg 1501w\" sizes=\"(max-width: 300px) 100vw, 300px\" \/><\/div><\/a>\n\t\t\t\t<div class=\"elementor-post__text\">\n\t\t\t\t<h3 class=\"elementor-post__title\">\n\t\t\t<a href=\"https:\/\/larfinedeco.com\/it\/arredare-con-le-candele-creare-emozione-e-calore\/\" >\n\t\t\t\tArredare con le candele: creare emozione e calore\t\t\t<\/a>\n\t\t<\/h3>\n\t\t\t\t<div class=\"elementor-post__excerpt\">\n\t\t\t<p>Da sempre simbolo di luce e di calore, la candela \u00e8 un complemento che ha saputo ritagliarsi un posto d\u2019onore nell\u2019arredo, grazie alla capacit\u00e0 di creare un\u2019atmosfera intima, calda e rilassata. Ecco che arredare casa con le candele \u00e8 una<\/p>\n\t\t<\/div>\n\t\t\n\t\t<a class=\"elementor-post__read-more\" href=\"https:\/\/larfinedeco.com\/it\/arredare-con-le-candele-creare-emozione-e-calore\/\" aria-label=\"Read more about Arredare con le candele: creare emozione e calore\" tabindex=\"-1\" >\n\t\t\tLeggi di pi\u00f9 \u00bb\t\t<\/a>\n\n\t\t\t\t<\/div>\n\t\t\t\t\t<\/div>\n\t\t<\/article>\n\t\t\t\t<\/div>\n\t\t\n\t\t\t\t\t\t<\/div>\n\t\t\t\t<\/div>\n\t\t\t\t\t<\/div>\n\t\t<\/div>\n\t\t\t\t\t<\/div>\n\t\t<\/section>\n\t\t\t\t<\/div>\n\t\t","protected":false},"excerpt":{"rendered":"<p>Blog<\/p>\n","protected":false},"author":7,"featured_media":0,"parent":0,"menu_order":0,"comment_status":"closed","ping_status":"closed","template":"","meta":{"ngg_post_thumbnail":0,"footnotes":""},"class_list":["post-5328","page","type-page","status-publish","hentry"],"acf":[],"yoast_head":"<!-- This site is optimized with the Yoast SEO plugin v27.1.1 - https:\/\/yoast.com\/product\/yoast-seo-wordpress\/ -->\n<title>Complementi d&#039;arredo di design - il blog di LAR<\/title>\n<meta name=\"description\" content=\"Complementi d&#039;arredo, design moderni e particolari, le ultime novit\u00e0 per arredare casa, per una casa green e per vivere bene la tua casa!\" \/>\n<meta name=\"robots\" content=\"index, follow, max-snippet:-1, max-image-preview:large, max-video-preview:-1\" \/>\n<link rel=\"canonical\" href=\"https:\/\/larfinedeco.com\/it\/blog\/\" \/>\n<meta property=\"og:locale\" content=\"it_IT\" \/>\n<meta property=\"og:type\" content=\"article\" \/>\n<meta property=\"og:title\" content=\"Complementi d&#039;arredo di design - il blog di LAR\" \/>\n<meta property=\"og:description\" content=\"Complementi d&#039;arredo, design moderni e particolari, le ultime novit\u00e0 per arredare casa, per una casa green e per vivere bene la tua casa!\" \/>\n<meta property=\"og:url\" content=\"https:\/\/larfinedeco.com\/it\/blog\/\" \/>\n<meta property=\"og:site_name\" content=\"Lar\" \/>\n<meta property=\"article:modified_time\" content=\"2023-01-03T18:23:47+00:00\" \/>\n<meta name=\"twitter:card\" content=\"summary_large_image\" \/>\n<meta name=\"twitter:label1\" content=\"Tempo di lettura stimato\" \/>\n\t<meta name=\"twitter:data1\" content=\"4 minuti\" \/>\n<script type=\"application\/ld+json\" class=\"yoast-schema-graph\">{\"@context\":\"https:\/\/schema.org\",\"@graph\":[{\"@type\":\"WebPage\",\"@id\":\"https:\/\/larfinedeco.com\/it\/blog\/\",\"url\":\"https:\/\/larfinedeco.com\/it\/blog\/\",\"name\":\"Complementi d'arredo di design - il blog di LAR\",\"isPartOf\":{\"@id\":\"https:\/\/larfinedeco.com\/it\/#website\"},\"datePublished\":\"2022-10-19T16:29:13+00:00\",\"dateModified\":\"2023-01-03T18:23:47+00:00\",\"description\":\"Complementi d'arredo, design moderni e particolari, le ultime novit\u00e0 per arredare casa, per una casa green e per vivere bene la tua casa!\",\"breadcrumb\":{\"@id\":\"https:\/\/larfinedeco.com\/it\/blog\/#breadcrumb\"},\"inLanguage\":\"it-IT\",\"potentialAction\":[{\"@type\":\"ReadAction\",\"target\":[\"https:\/\/larfinedeco.com\/it\/blog\/\"]}]},{\"@type\":\"BreadcrumbList\",\"@id\":\"https:\/\/larfinedeco.com\/it\/blog\/#breadcrumb\",\"itemListElement\":[{\"@type\":\"ListItem\",\"position\":1,\"name\":\"Home\",\"item\":\"https:\/\/larfinedeco.com\/it\/\"},{\"@type\":\"ListItem\",\"position\":2,\"name\":\"Blog\"}]},{\"@type\":\"WebSite\",\"@id\":\"https:\/\/larfinedeco.com\/it\/#website\",\"url\":\"https:\/\/larfinedeco.com\/it\/\",\"name\":\"Lar\",\"description\":\"Decoraci\u00f3n\",\"potentialAction\":[{\"@type\":\"SearchAction\",\"target\":{\"@type\":\"EntryPoint\",\"urlTemplate\":\"https:\/\/larfinedeco.com\/it\/?s={search_term_string}\"},\"query-input\":{\"@type\":\"PropertyValueSpecification\",\"valueRequired\":true,\"valueName\":\"search_term_string\"}}],\"inLanguage\":\"it-IT\"}]}<\/script>\n<!-- \/ Yoast SEO plugin. -->","yoast_head_json":{"title":"Complementi d'arredo di design - il blog di LAR","description":"Complementi d'arredo, design moderni e particolari, le ultime novit\u00e0 per arredare casa, per una casa green e per vivere bene la tua casa!","robots":{"index":"index","follow":"follow","max-snippet":"max-snippet:-1","max-image-preview":"max-image-preview:large","max-video-preview":"max-video-preview:-1"},"canonical":"https:\/\/larfinedeco.com\/it\/blog\/","og_locale":"it_IT","og_type":"article","og_title":"Complementi d'arredo di design - il blog di LAR","og_description":"Complementi d'arredo, design moderni e particolari, le ultime novit\u00e0 per arredare casa, per una casa green e per vivere bene la tua casa!","og_url":"https:\/\/larfinedeco.com\/it\/blog\/","og_site_name":"Lar","article_modified_time":"2023-01-03T18:23:47+00:00","twitter_card":"summary_large_image","twitter_misc":{"Tempo di lettura stimato":"4 minuti"},"schema":{"@context":"https:\/\/schema.org","@graph":[{"@type":"WebPage","@id":"https:\/\/larfinedeco.com\/it\/blog\/","url":"https:\/\/larfinedeco.com\/it\/blog\/","name":"Complementi d'arredo di design - il blog di LAR","isPartOf":{"@id":"https:\/\/larfinedeco.com\/it\/#website"},"datePublished":"2022-10-19T16:29:13+00:00","dateModified":"2023-01-03T18:23:47+00:00","description":"Complementi d'arredo, design moderni e particolari, le ultime novit\u00e0 per arredare casa, per una casa green e per vivere bene la tua casa!","breadcrumb":{"@id":"https:\/\/larfinedeco.com\/it\/blog\/#breadcrumb"},"inLanguage":"it-IT","potentialAction":[{"@type":"ReadAction","target":["https:\/\/larfinedeco.com\/it\/blog\/"]}]},{"@type":"BreadcrumbList","@id":"https:\/\/larfinedeco.com\/it\/blog\/#breadcrumb","itemListElement":[{"@type":"ListItem","position":1,"name":"Home","item":"https:\/\/larfinedeco.com\/it\/"},{"@type":"ListItem","position":2,"name":"Blog"}]},{"@type":"WebSite","@id":"https:\/\/larfinedeco.com\/it\/#website","url":"https:\/\/larfinedeco.com\/it\/","name":"Lar","description":"Decoraci\u00f3n","potentialAction":[{"@type":"SearchAction","target":{"@type":"EntryPoint","urlTemplate":"https:\/\/larfinedeco.com\/it\/?s={search_term_string}"},"query-input":{"@type":"PropertyValueSpecification","valueRequired":true,"valueName":"search_term_string"}}],"inLanguage":"it-IT"}]}},"_links":{"self":[{"href":"https:\/\/larfinedeco.com\/it\/wp-json\/wp\/v2\/pages\/5328","targetHints":{"allow":["GET"]}}],"collection":[{"href":"https:\/\/larfinedeco.com\/it\/wp-json\/wp\/v2\/pages"}],"about":[{"href":"https:\/\/larfinedeco.com\/it\/wp-json\/wp\/v2\/types\/page"}],"author":[{"embeddable":true,"href":"https:\/\/larfinedeco.com\/it\/wp-json\/wp\/v2\/users\/7"}],"replies":[{"embeddable":true,"href":"https:\/\/larfinedeco.com\/it\/wp-json\/wp\/v2\/comments?post=5328"}],"version-history":[{"count":10,"href":"https:\/\/larfinedeco.com\/it\/wp-json\/wp\/v2\/pages\/5328\/revisions"}],"predecessor-version":[{"id":5498,"href":"https:\/\/larfinedeco.com\/it\/wp-json\/wp\/v2\/pages\/5328\/revisions\/5498"}],"wp:attachment":[{"href":"https:\/\/larfinedeco.com\/it\/wp-json\/wp\/v2\/media?parent=5328"}],"curies":[{"name":"wp","href":"https:\/\/api.w.org\/{rel}","templated":true}]}}