{"id":1877,"date":"2021-07-01T08:29:33","date_gmt":"2021-07-01T07:29:33","guid":{"rendered":"https:\/\/larfinedeco.com\/?post_type=product&#038;p=1877"},"modified":"2022-11-19T14:36:38","modified_gmt":"2022-11-19T13:36:38","slug":"portacandele-blumo","status":"publish","type":"product","link":"https:\/\/larfinedeco.com\/it\/prodotto\/portacandele-blumo\/","title":{"rendered":"Portacandele in legno: Blumo"},"content":{"rendered":"","protected":false},"excerpt":{"rendered":"<p>Il <strong>portacandele Blumo<\/strong> \u00e8 un oggetto di design della collezione <a href=\"https:\/\/larfinedeco.com\/prodotti\/\" target=\"_blank\" rel=\"noopener\">LAR FINEDECO<\/a>. Le sue linee pulite si combinano in modo armonioso alla luce calda delle tea lights&#8230;<\/p>\n<h2>Portacandele Blumo: l\u2019eleganza del legno e della luce calda.<\/h2>\n<p>Questo esclusivo portacandele di design in legno \u00e8 interamente realizzato in Italia, ed \u00e8 disponibile in due versioni: <strong>in rovere naturale oppure laccato bianco<\/strong>. Scegli quella che pi\u00f9 rispecchia la tua personalit\u00e0 ed il tuo gusto: grazie al design raffinato ed elegante, sapr\u00e0 arricchire ciascun ambiente, donandogli un\u2019atmosfera delicata ed accogliente.<\/p>\n<p>Un oggetto, pi\u00f9 anime: la struttura in legno ha due sedi, per accogliere sottili lamine in acciaio inossidabile magnetico, che possono presentare uno oppure tre fori. Una soluzione smart che permette di ottenere <strong>versioni differenti dello stesso portacandele<\/strong>.<\/p>\n<p>I materiali e le finiture del portacandele Blumo sono sinonimo di <strong>qualit\u00e0 e cura dei dettagli<\/strong>, pensate per arredare la tua casa e per essere utilizzate a lungo. Le lavorazioni eseguite per ottenere il portacandele sono in buona parte manuali; piccole differenze, come la fiammatura o le venature che variano da un pezzo all\u2019altro, ne caratterizzano l\u2019unicit\u00e0 e rimarcano l\u2019artigianalit\u00e0 di questi manufatti.<\/p>\n","protected":false},"featured_media":1876,"template":"","meta":{"ngg_post_thumbnail":0},"product_brand":[],"product_cat":[63],"product_tag":[],"class_list":{"0":"post-1877","1":"product","2":"type-product","3":"status-publish","4":"has-post-thumbnail","6":"product_cat-prodotti","8":"first","9":"instock","10":"taxable","11":"shipping-taxable","12":"purchasable","13":"product-type-simple"},"acf":[],"yoast_head":"<!-- This site is optimized with the Yoast SEO plugin v27.1.1 - https:\/\/yoast.com\/product\/yoast-seo-wordpress\/ -->\n<title>Portacandele in legno - Blumo<\/title>\n<meta name=\"description\" content=\"Portacandele in legno bianco oppure in rovere naturale. Per vivere l\u2019eleganza del legno e della luce calda e creare un&#039;atmosfera accogliente.\" \/>\n<meta name=\"robots\" content=\"index, follow, max-snippet:-1, max-image-preview:large, max-video-preview:-1\" \/>\n<link rel=\"canonical\" href=\"https:\/\/larfinedeco.com\/it\/prodotto\/portacandele-blumo\/\" \/>\n<meta property=\"og:locale\" content=\"it_IT\" \/>\n<meta property=\"og:type\" content=\"article\" \/>\n<meta property=\"og:title\" content=\"Portacandele in legno - Blumo\" \/>\n<meta property=\"og:description\" content=\"Portacandele in legno bianco oppure in rovere naturale. Per vivere l\u2019eleganza del legno e della luce calda e creare un&#039;atmosfera accogliente.\" \/>\n<meta property=\"og:url\" content=\"https:\/\/larfinedeco.com\/it\/prodotto\/portacandele-blumo\/\" \/>\n<meta property=\"og:site_name\" content=\"Lar\" \/>\n<meta property=\"article:modified_time\" content=\"2022-11-19T13:36:38+00:00\" \/>\n<meta property=\"og:image\" content=\"https:\/\/larfinedeco.com\/wp-content\/uploads\/2021\/07\/BLUMO_PP.jpg\" \/>\n\t<meta property=\"og:image:width\" content=\"1000\" \/>\n\t<meta property=\"og:image:height\" content=\"1000\" \/>\n\t<meta property=\"og:image:type\" content=\"image\/jpeg\" \/>\n<meta name=\"twitter:card\" content=\"summary_large_image\" \/>\n<script type=\"application\/ld+json\" class=\"yoast-schema-graph\">{\"@context\":\"https:\/\/schema.org\",\"@graph\":[{\"@type\":\"WebPage\",\"@id\":\"https:\/\/larfinedeco.com\/it\/prodotto\/portacandele-blumo\/\",\"url\":\"https:\/\/larfinedeco.com\/it\/prodotto\/portacandele-blumo\/\",\"name\":\"Portacandele in legno - Blumo\",\"isPartOf\":{\"@id\":\"https:\/\/larfinedeco.com\/it\/#website\"},\"primaryImageOfPage\":{\"@id\":\"https:\/\/larfinedeco.com\/it\/prodotto\/portacandele-blumo\/#primaryimage\"},\"image\":{\"@id\":\"https:\/\/larfinedeco.com\/it\/prodotto\/portacandele-blumo\/#primaryimage\"},\"thumbnailUrl\":\"https:\/\/larfinedeco.com\/wp-content\/uploads\/2021\/07\/BLUMO_PP.jpg\",\"datePublished\":\"2021-07-01T07:29:33+00:00\",\"dateModified\":\"2022-11-19T13:36:38+00:00\",\"description\":\"Portacandele in legno bianco oppure in rovere naturale. Per vivere l\u2019eleganza del legno e della luce calda e creare un'atmosfera accogliente.\",\"breadcrumb\":{\"@id\":\"https:\/\/larfinedeco.com\/it\/prodotto\/portacandele-blumo\/#breadcrumb\"},\"inLanguage\":\"it-IT\",\"potentialAction\":[{\"@type\":\"ReadAction\",\"target\":[\"https:\/\/larfinedeco.com\/it\/prodotto\/portacandele-blumo\/\"]}]},{\"@type\":\"ImageObject\",\"inLanguage\":\"it-IT\",\"@id\":\"https:\/\/larfinedeco.com\/it\/prodotto\/portacandele-blumo\/#primaryimage\",\"url\":\"https:\/\/larfinedeco.com\/wp-content\/uploads\/2021\/07\/BLUMO_PP.jpg\",\"contentUrl\":\"https:\/\/larfinedeco.com\/wp-content\/uploads\/2021\/07\/BLUMO_PP.jpg\",\"width\":1000,\"height\":1000},{\"@type\":\"BreadcrumbList\",\"@id\":\"https:\/\/larfinedeco.com\/it\/prodotto\/portacandele-blumo\/#breadcrumb\",\"itemListElement\":[{\"@type\":\"ListItem\",\"position\":1,\"name\":\"Home\",\"item\":\"https:\/\/larfinedeco.com\/it\/\"},{\"@type\":\"ListItem\",\"position\":2,\"name\":\"Prodotti\",\"item\":\"https:\/\/larfinedeco.com\/it\/prodotti\/\"},{\"@type\":\"ListItem\",\"position\":3,\"name\":\"Prodotti\",\"item\":\"https:\/\/larfinedeco.com\/it\/category\/prodotti\/\"},{\"@type\":\"ListItem\",\"position\":4,\"name\":\"Portacandele in legno: Blumo\"}]},{\"@type\":\"WebSite\",\"@id\":\"https:\/\/larfinedeco.com\/it\/#website\",\"url\":\"https:\/\/larfinedeco.com\/it\/\",\"name\":\"Lar\",\"description\":\"Decoraci\u00f3n\",\"potentialAction\":[{\"@type\":\"SearchAction\",\"target\":{\"@type\":\"EntryPoint\",\"urlTemplate\":\"https:\/\/larfinedeco.com\/it\/?s={search_term_string}\"},\"query-input\":{\"@type\":\"PropertyValueSpecification\",\"valueRequired\":true,\"valueName\":\"search_term_string\"}}],\"inLanguage\":\"it-IT\"}]}<\/script>\n<!-- \/ Yoast SEO plugin. -->","yoast_head_json":{"title":"Portacandele in legno - Blumo","description":"Portacandele in legno bianco oppure in rovere naturale. Per vivere l\u2019eleganza del legno e della luce calda e creare un'atmosfera accogliente.","robots":{"index":"index","follow":"follow","max-snippet":"max-snippet:-1","max-image-preview":"max-image-preview:large","max-video-preview":"max-video-preview:-1"},"canonical":"https:\/\/larfinedeco.com\/it\/prodotto\/portacandele-blumo\/","og_locale":"it_IT","og_type":"article","og_title":"Portacandele in legno - Blumo","og_description":"Portacandele in legno bianco oppure in rovere naturale. Per vivere l\u2019eleganza del legno e della luce calda e creare un'atmosfera accogliente.","og_url":"https:\/\/larfinedeco.com\/it\/prodotto\/portacandele-blumo\/","og_site_name":"Lar","article_modified_time":"2022-11-19T13:36:38+00:00","og_image":[{"width":1000,"height":1000,"url":"https:\/\/larfinedeco.com\/wp-content\/uploads\/2021\/07\/BLUMO_PP.jpg","type":"image\/jpeg"}],"twitter_card":"summary_large_image","schema":{"@context":"https:\/\/schema.org","@graph":[{"@type":"WebPage","@id":"https:\/\/larfinedeco.com\/it\/prodotto\/portacandele-blumo\/","url":"https:\/\/larfinedeco.com\/it\/prodotto\/portacandele-blumo\/","name":"Portacandele in legno - Blumo","isPartOf":{"@id":"https:\/\/larfinedeco.com\/it\/#website"},"primaryImageOfPage":{"@id":"https:\/\/larfinedeco.com\/it\/prodotto\/portacandele-blumo\/#primaryimage"},"image":{"@id":"https:\/\/larfinedeco.com\/it\/prodotto\/portacandele-blumo\/#primaryimage"},"thumbnailUrl":"https:\/\/larfinedeco.com\/wp-content\/uploads\/2021\/07\/BLUMO_PP.jpg","datePublished":"2021-07-01T07:29:33+00:00","dateModified":"2022-11-19T13:36:38+00:00","description":"Portacandele in legno bianco oppure in rovere naturale. Per vivere l\u2019eleganza del legno e della luce calda e creare un'atmosfera accogliente.","breadcrumb":{"@id":"https:\/\/larfinedeco.com\/it\/prodotto\/portacandele-blumo\/#breadcrumb"},"inLanguage":"it-IT","potentialAction":[{"@type":"ReadAction","target":["https:\/\/larfinedeco.com\/it\/prodotto\/portacandele-blumo\/"]}]},{"@type":"ImageObject","inLanguage":"it-IT","@id":"https:\/\/larfinedeco.com\/it\/prodotto\/portacandele-blumo\/#primaryimage","url":"https:\/\/larfinedeco.com\/wp-content\/uploads\/2021\/07\/BLUMO_PP.jpg","contentUrl":"https:\/\/larfinedeco.com\/wp-content\/uploads\/2021\/07\/BLUMO_PP.jpg","width":1000,"height":1000},{"@type":"BreadcrumbList","@id":"https:\/\/larfinedeco.com\/it\/prodotto\/portacandele-blumo\/#breadcrumb","itemListElement":[{"@type":"ListItem","position":1,"name":"Home","item":"https:\/\/larfinedeco.com\/it\/"},{"@type":"ListItem","position":2,"name":"Prodotti","item":"https:\/\/larfinedeco.com\/it\/prodotti\/"},{"@type":"ListItem","position":3,"name":"Prodotti","item":"https:\/\/larfinedeco.com\/it\/category\/prodotti\/"},{"@type":"ListItem","position":4,"name":"Portacandele in legno: Blumo"}]},{"@type":"WebSite","@id":"https:\/\/larfinedeco.com\/it\/#website","url":"https:\/\/larfinedeco.com\/it\/","name":"Lar","description":"Decoraci\u00f3n","potentialAction":[{"@type":"SearchAction","target":{"@type":"EntryPoint","urlTemplate":"https:\/\/larfinedeco.com\/it\/?s={search_term_string}"},"query-input":{"@type":"PropertyValueSpecification","valueRequired":true,"valueName":"search_term_string"}}],"inLanguage":"it-IT"}]}},"_links":{"self":[{"href":"https:\/\/larfinedeco.com\/it\/wp-json\/wp\/v2\/product\/1877","targetHints":{"allow":["GET"]}}],"collection":[{"href":"https:\/\/larfinedeco.com\/it\/wp-json\/wp\/v2\/product"}],"about":[{"href":"https:\/\/larfinedeco.com\/it\/wp-json\/wp\/v2\/types\/product"}],"wp:featuredmedia":[{"embeddable":true,"href":"https:\/\/larfinedeco.com\/it\/wp-json\/wp\/v2\/media\/1876"}],"wp:attachment":[{"href":"https:\/\/larfinedeco.com\/it\/wp-json\/wp\/v2\/media?parent=1877"}],"wp:term":[{"taxonomy":"product_brand","embeddable":true,"href":"https:\/\/larfinedeco.com\/it\/wp-json\/wp\/v2\/product_brand?post=1877"},{"taxonomy":"product_cat","embeddable":true,"href":"https:\/\/larfinedeco.com\/it\/wp-json\/wp\/v2\/product_cat?post=1877"},{"taxonomy":"product_tag","embeddable":true,"href":"https:\/\/larfinedeco.com\/it\/wp-json\/wp\/v2\/product_tag?post=1877"}],"curies":[{"name":"wp","href":"https:\/\/api.w.org\/{rel}","templated":true}]}}