{"id":2345,"date":"2021-10-01T17:50:02","date_gmt":"2021-10-01T16:50:02","guid":{"rendered":"https:\/\/larfinedeco.com\/?post_type=product&#038;p=2345"},"modified":"2022-10-19T18:33:41","modified_gmt":"2022-10-19T17:33:41","slug":"portaincenso-design-ianus","status":"publish","type":"product","link":"https:\/\/larfinedeco.com\/it\/prodotto\/portaincenso-design-ianus\/","title":{"rendered":"Portaincenso di design: Ianus"},"content":{"rendered":"","protected":false},"excerpt":{"rendered":"<p>Il <strong>portaincenso Ianus<\/strong> ha un\u2019estetica essenziale, che conferisce una linea pulita ed elegante ad un oggetto che vanta una duplice natura, funzionale e decorativa.<\/p>\n<h2>Portaincenso Ianus: linee raffinate ed eleganti per un oggetto funzionale<\/h2>\n<p>Il portaincenso Ianus <a href=\"https:\/\/larfinedeco.com\/prodotti\/\" target=\"_blank\" rel=\"noopener\">LAR FINEDECO<\/a> \u00e8 un complemento d\u2019arredo in <strong>acciaio inossidabile<\/strong>, disponibile in diverse finiture: argento opaco, nero brunito opaco, bianco opaco, oro opaco, oro champagne 24K, lucidato a specchio.<\/p>\n<p>La struttura, leggera e sottile, dispone di <strong>due asole di differenti dimensioni<\/strong>, in grado di accogliere bastoncini di diverso diametro, come quelli indiani o tibetani; in particolare, l\u2019asola superiore pu\u00f2 ospitare bastoncini con un diametro di 1.5 mm, mentre quella inferiore fino a 4.5 mm.<\/p>\n<p>Due volti e due personalit\u00e0 differenti per un unico oggetto di design, costruito artigianalmente con una sola lamina d\u2019acciaio: per gli incensi pi\u00f9 sottili, Ianus pu\u00f2 essere anche capovolto ed utilizzato dal lato opposto. Sta a te sperimentare la configurazione che pi\u00f9 ti rappresenta, e puoi modificarla ogni volta che vuoi.<\/p>\n","protected":false},"featured_media":2649,"template":"","meta":{"ngg_post_thumbnail":0},"product_brand":[],"product_cat":[63],"product_tag":[],"class_list":{"0":"post-2345","1":"product","2":"type-product","3":"status-publish","4":"has-post-thumbnail","6":"product_cat-prodotti","8":"first","9":"instock","10":"featured","11":"taxable","12":"shipping-taxable","13":"purchasable","14":"product-type-simple"},"acf":[],"yoast_head":"<!-- This site is optimized with the Yoast SEO plugin v27.1.1 - https:\/\/yoast.com\/product\/yoast-seo-wordpress\/ -->\n<title>Portaincenso di design - Ianus<\/title>\n<meta name=\"description\" content=\"Il portaincensio moderno Ianus ha due volti e due personalit\u00e0 differenti per un unico oggetto di design che render\u00e0 la vostra casa unica.\" \/>\n<meta name=\"robots\" content=\"index, follow, max-snippet:-1, max-image-preview:large, max-video-preview:-1\" \/>\n<link rel=\"canonical\" href=\"https:\/\/larfinedeco.com\/it\/prodotto\/portaincenso-design-ianus\/\" \/>\n<meta property=\"og:locale\" content=\"it_IT\" \/>\n<meta property=\"og:type\" content=\"article\" \/>\n<meta property=\"og:title\" content=\"Portaincenso di design - Ianus\" \/>\n<meta property=\"og:description\" content=\"Il portaincensio moderno Ianus ha due volti e due personalit\u00e0 differenti per un unico oggetto di design che render\u00e0 la vostra casa unica.\" \/>\n<meta property=\"og:url\" content=\"https:\/\/larfinedeco.com\/it\/prodotto\/portaincenso-design-ianus\/\" \/>\n<meta property=\"og:site_name\" content=\"Lar\" \/>\n<meta property=\"article:modified_time\" content=\"2022-10-19T17:33:41+00:00\" \/>\n<meta property=\"og:image\" content=\"https:\/\/larfinedeco.com\/wp-content\/uploads\/2021\/10\/211209_MOODULA_PortaIncenso_Amb_01.jpg\" \/>\n\t<meta property=\"og:image:width\" content=\"1200\" \/>\n\t<meta property=\"og:image:height\" content=\"1200\" \/>\n\t<meta property=\"og:image:type\" content=\"image\/jpeg\" \/>\n<meta name=\"twitter:card\" content=\"summary_large_image\" \/>\n<script type=\"application\/ld+json\" class=\"yoast-schema-graph\">{\"@context\":\"https:\/\/schema.org\",\"@graph\":[{\"@type\":\"WebPage\",\"@id\":\"https:\/\/larfinedeco.com\/it\/prodotto\/portaincenso-design-ianus\/\",\"url\":\"https:\/\/larfinedeco.com\/it\/prodotto\/portaincenso-design-ianus\/\",\"name\":\"Portaincenso di design - Ianus\",\"isPartOf\":{\"@id\":\"https:\/\/larfinedeco.com\/it\/#website\"},\"primaryImageOfPage\":{\"@id\":\"https:\/\/larfinedeco.com\/it\/prodotto\/portaincenso-design-ianus\/#primaryimage\"},\"image\":{\"@id\":\"https:\/\/larfinedeco.com\/it\/prodotto\/portaincenso-design-ianus\/#primaryimage\"},\"thumbnailUrl\":\"https:\/\/larfinedeco.com\/wp-content\/uploads\/2021\/10\/211209_MOODULA_PortaIncenso_Amb_01.jpg\",\"datePublished\":\"2021-10-01T16:50:02+00:00\",\"dateModified\":\"2022-10-19T17:33:41+00:00\",\"description\":\"Il portaincensio moderno Ianus ha due volti e due personalit\u00e0 differenti per un unico oggetto di design che render\u00e0 la vostra casa unica.\",\"breadcrumb\":{\"@id\":\"https:\/\/larfinedeco.com\/it\/prodotto\/portaincenso-design-ianus\/#breadcrumb\"},\"inLanguage\":\"it-IT\",\"potentialAction\":[{\"@type\":\"ReadAction\",\"target\":[\"https:\/\/larfinedeco.com\/it\/prodotto\/portaincenso-design-ianus\/\"]}]},{\"@type\":\"ImageObject\",\"inLanguage\":\"it-IT\",\"@id\":\"https:\/\/larfinedeco.com\/it\/prodotto\/portaincenso-design-ianus\/#primaryimage\",\"url\":\"https:\/\/larfinedeco.com\/wp-content\/uploads\/2021\/10\/211209_MOODULA_PortaIncenso_Amb_01.jpg\",\"contentUrl\":\"https:\/\/larfinedeco.com\/wp-content\/uploads\/2021\/10\/211209_MOODULA_PortaIncenso_Amb_01.jpg\",\"width\":1200,\"height\":1200,\"caption\":\"Portaincenso Ianus\"},{\"@type\":\"BreadcrumbList\",\"@id\":\"https:\/\/larfinedeco.com\/it\/prodotto\/portaincenso-design-ianus\/#breadcrumb\",\"itemListElement\":[{\"@type\":\"ListItem\",\"position\":1,\"name\":\"Home\",\"item\":\"https:\/\/larfinedeco.com\/it\/\"},{\"@type\":\"ListItem\",\"position\":2,\"name\":\"Prodotti\",\"item\":\"https:\/\/larfinedeco.com\/it\/prodotti\/\"},{\"@type\":\"ListItem\",\"position\":3,\"name\":\"Prodotti\",\"item\":\"https:\/\/larfinedeco.com\/it\/category\/prodotti\/\"},{\"@type\":\"ListItem\",\"position\":4,\"name\":\"Portaincenso di design: Ianus\"}]},{\"@type\":\"WebSite\",\"@id\":\"https:\/\/larfinedeco.com\/it\/#website\",\"url\":\"https:\/\/larfinedeco.com\/it\/\",\"name\":\"Lar\",\"description\":\"Decoraci\u00f3n\",\"potentialAction\":[{\"@type\":\"SearchAction\",\"target\":{\"@type\":\"EntryPoint\",\"urlTemplate\":\"https:\/\/larfinedeco.com\/it\/?s={search_term_string}\"},\"query-input\":{\"@type\":\"PropertyValueSpecification\",\"valueRequired\":true,\"valueName\":\"search_term_string\"}}],\"inLanguage\":\"it-IT\"}]}<\/script>\n<!-- \/ Yoast SEO plugin. -->","yoast_head_json":{"title":"Portaincenso di design - Ianus","description":"Il portaincensio moderno Ianus ha due volti e due personalit\u00e0 differenti per un unico oggetto di design che render\u00e0 la vostra casa unica.","robots":{"index":"index","follow":"follow","max-snippet":"max-snippet:-1","max-image-preview":"max-image-preview:large","max-video-preview":"max-video-preview:-1"},"canonical":"https:\/\/larfinedeco.com\/it\/prodotto\/portaincenso-design-ianus\/","og_locale":"it_IT","og_type":"article","og_title":"Portaincenso di design - Ianus","og_description":"Il portaincensio moderno Ianus ha due volti e due personalit\u00e0 differenti per un unico oggetto di design che render\u00e0 la vostra casa unica.","og_url":"https:\/\/larfinedeco.com\/it\/prodotto\/portaincenso-design-ianus\/","og_site_name":"Lar","article_modified_time":"2022-10-19T17:33:41+00:00","og_image":[{"width":1200,"height":1200,"url":"https:\/\/larfinedeco.com\/wp-content\/uploads\/2021\/10\/211209_MOODULA_PortaIncenso_Amb_01.jpg","type":"image\/jpeg"}],"twitter_card":"summary_large_image","schema":{"@context":"https:\/\/schema.org","@graph":[{"@type":"WebPage","@id":"https:\/\/larfinedeco.com\/it\/prodotto\/portaincenso-design-ianus\/","url":"https:\/\/larfinedeco.com\/it\/prodotto\/portaincenso-design-ianus\/","name":"Portaincenso di design - Ianus","isPartOf":{"@id":"https:\/\/larfinedeco.com\/it\/#website"},"primaryImageOfPage":{"@id":"https:\/\/larfinedeco.com\/it\/prodotto\/portaincenso-design-ianus\/#primaryimage"},"image":{"@id":"https:\/\/larfinedeco.com\/it\/prodotto\/portaincenso-design-ianus\/#primaryimage"},"thumbnailUrl":"https:\/\/larfinedeco.com\/wp-content\/uploads\/2021\/10\/211209_MOODULA_PortaIncenso_Amb_01.jpg","datePublished":"2021-10-01T16:50:02+00:00","dateModified":"2022-10-19T17:33:41+00:00","description":"Il portaincensio moderno Ianus ha due volti e due personalit\u00e0 differenti per un unico oggetto di design che render\u00e0 la vostra casa unica.","breadcrumb":{"@id":"https:\/\/larfinedeco.com\/it\/prodotto\/portaincenso-design-ianus\/#breadcrumb"},"inLanguage":"it-IT","potentialAction":[{"@type":"ReadAction","target":["https:\/\/larfinedeco.com\/it\/prodotto\/portaincenso-design-ianus\/"]}]},{"@type":"ImageObject","inLanguage":"it-IT","@id":"https:\/\/larfinedeco.com\/it\/prodotto\/portaincenso-design-ianus\/#primaryimage","url":"https:\/\/larfinedeco.com\/wp-content\/uploads\/2021\/10\/211209_MOODULA_PortaIncenso_Amb_01.jpg","contentUrl":"https:\/\/larfinedeco.com\/wp-content\/uploads\/2021\/10\/211209_MOODULA_PortaIncenso_Amb_01.jpg","width":1200,"height":1200,"caption":"Portaincenso Ianus"},{"@type":"BreadcrumbList","@id":"https:\/\/larfinedeco.com\/it\/prodotto\/portaincenso-design-ianus\/#breadcrumb","itemListElement":[{"@type":"ListItem","position":1,"name":"Home","item":"https:\/\/larfinedeco.com\/it\/"},{"@type":"ListItem","position":2,"name":"Prodotti","item":"https:\/\/larfinedeco.com\/it\/prodotti\/"},{"@type":"ListItem","position":3,"name":"Prodotti","item":"https:\/\/larfinedeco.com\/it\/category\/prodotti\/"},{"@type":"ListItem","position":4,"name":"Portaincenso di design: Ianus"}]},{"@type":"WebSite","@id":"https:\/\/larfinedeco.com\/it\/#website","url":"https:\/\/larfinedeco.com\/it\/","name":"Lar","description":"Decoraci\u00f3n","potentialAction":[{"@type":"SearchAction","target":{"@type":"EntryPoint","urlTemplate":"https:\/\/larfinedeco.com\/it\/?s={search_term_string}"},"query-input":{"@type":"PropertyValueSpecification","valueRequired":true,"valueName":"search_term_string"}}],"inLanguage":"it-IT"}]}},"_links":{"self":[{"href":"https:\/\/larfinedeco.com\/it\/wp-json\/wp\/v2\/product\/2345","targetHints":{"allow":["GET"]}}],"collection":[{"href":"https:\/\/larfinedeco.com\/it\/wp-json\/wp\/v2\/product"}],"about":[{"href":"https:\/\/larfinedeco.com\/it\/wp-json\/wp\/v2\/types\/product"}],"wp:featuredmedia":[{"embeddable":true,"href":"https:\/\/larfinedeco.com\/it\/wp-json\/wp\/v2\/media\/2649"}],"wp:attachment":[{"href":"https:\/\/larfinedeco.com\/it\/wp-json\/wp\/v2\/media?parent=2345"}],"wp:term":[{"taxonomy":"product_brand","embeddable":true,"href":"https:\/\/larfinedeco.com\/it\/wp-json\/wp\/v2\/product_brand?post=2345"},{"taxonomy":"product_cat","embeddable":true,"href":"https:\/\/larfinedeco.com\/it\/wp-json\/wp\/v2\/product_cat?post=2345"},{"taxonomy":"product_tag","embeddable":true,"href":"https:\/\/larfinedeco.com\/it\/wp-json\/wp\/v2\/product_tag?post=2345"}],"curies":[{"name":"wp","href":"https:\/\/api.w.org\/{rel}","templated":true}]}}