{"id":988,"date":"2021-04-13T18:30:30","date_gmt":"2021-04-13T17:30:30","guid":{"rendered":"https:\/\/larfinedeco.com\/?post_type=product&#038;p=988"},"modified":"2022-10-19T18:31:48","modified_gmt":"2022-10-19T17:31:48","slug":"portacandele-acciaio-cartesiana","status":"publish","type":"product","link":"https:\/\/larfinedeco.com\/it\/prodotto\/portacandele-acciaio-cartesiana\/","title":{"rendered":"Portacandele in acciaio: Cartesiana"},"content":{"rendered":"","protected":false},"excerpt":{"rendered":"<p>Il <strong>portacandele Cartesiana<\/strong> sfrutta la semplicit\u00e0 e la leggerezza delle sue linee, per restituire un oggetto di design delicato e prezioso.<\/p>\n<h2>Portacandele Cartesiana: qualit\u00e0 dei materiali per un design contemporaneo<\/h2>\n<p>Cartesiana <a href=\"https:\/\/larfinedeco.com\/it\/prodotti\/\">LAR FINEDECO<\/a> \u00e8 un portacandele in <strong>acciaio verniciato<\/strong>; \u00e8 costituito da due profili che si assemblano a incastro ed un magnete che ne garantisce una salda unione.<\/p>\n<p>Il Portacandele Cartesiana \u00e8 sofisticato ed essenziale allo stesso tempo; si rif\u00e0 all\u2019immaginario collettivo, citando il pi\u00f9 classico dei portacandele, rivisto per\u00f2 in chiave moderna e minimale. Attraverso la pulizia delle proprie linee, questo singolare oggetto di design assume i connotati di un complemento d\u2019arredo piacevole e discreto, che omaggia il passato e si proietta al futuro. A ci\u00f2 si aggiunge una grande variet\u00e0 di cromie, passando da quelle pi\u00f9 vivaci in stile pop, ai toni pi\u00f9 sofisticati, come il bronzo-oro, per finire agli intramontabili bianco e nero.<\/p>\n<p>L\u2019obiettivo di questo oggetto lineare e delicato \u00e8 regalare <strong>esperienze d\u2019uso ogni volta diverse<\/strong>, rigorosamente a lume di candela.<\/p>\n","protected":false},"featured_media":2511,"template":"","meta":{"ngg_post_thumbnail":0},"product_brand":[],"product_cat":[63],"product_tag":[],"class_list":{"0":"post-988","1":"product","2":"type-product","3":"status-publish","4":"has-post-thumbnail","6":"product_cat-prodotti","8":"first","9":"instock","10":"taxable","11":"shipping-taxable","12":"purchasable","13":"product-type-simple"},"acf":[],"yoast_head":"<!-- This site is optimized with the Yoast SEO plugin v27.1.1 - https:\/\/yoast.com\/product\/yoast-seo-wordpress\/ -->\n<title>Portacandele in acciaio: Cartesiana - Lar<\/title>\n<meta name=\"description\" content=\"Portacandele in acciaio. Per vivere esperienze uniche grazie al portacandele Cartesiana, dalle linee uniche, pulite e di design.\" \/>\n<meta name=\"robots\" content=\"index, follow, max-snippet:-1, max-image-preview:large, max-video-preview:-1\" \/>\n<link rel=\"canonical\" href=\"https:\/\/larfinedeco.com\/it\/prodotto\/portacandele-acciaio-cartesiana\/\" \/>\n<meta property=\"og:locale\" content=\"it_IT\" \/>\n<meta property=\"og:type\" content=\"article\" \/>\n<meta property=\"og:title\" content=\"Portacandele in acciaio: Cartesiana - Lar\" \/>\n<meta property=\"og:description\" content=\"Portacandele in acciaio. Per vivere esperienze uniche grazie al portacandele Cartesiana, dalle linee uniche, pulite e di design.\" \/>\n<meta property=\"og:url\" content=\"https:\/\/larfinedeco.com\/it\/prodotto\/portacandele-acciaio-cartesiana\/\" \/>\n<meta property=\"og:site_name\" content=\"Lar\" \/>\n<meta property=\"article:modified_time\" content=\"2022-10-19T17:31:48+00:00\" \/>\n<meta property=\"og:image\" content=\"https:\/\/larfinedeco.com\/wp-content\/uploads\/2021\/04\/CANDELA_CARTESIANA_PP-1.jpg\" \/>\n\t<meta property=\"og:image:width\" content=\"960\" \/>\n\t<meta property=\"og:image:height\" content=\"960\" \/>\n\t<meta property=\"og:image:type\" content=\"image\/jpeg\" \/>\n<meta name=\"twitter:card\" content=\"summary_large_image\" \/>\n<script type=\"application\/ld+json\" class=\"yoast-schema-graph\">{\"@context\":\"https:\/\/schema.org\",\"@graph\":[{\"@type\":\"WebPage\",\"@id\":\"https:\/\/larfinedeco.com\/it\/prodotto\/portacandele-acciaio-cartesiana\/\",\"url\":\"https:\/\/larfinedeco.com\/it\/prodotto\/portacandele-acciaio-cartesiana\/\",\"name\":\"Portacandele in acciaio: Cartesiana - Lar\",\"isPartOf\":{\"@id\":\"https:\/\/larfinedeco.com\/it\/#website\"},\"primaryImageOfPage\":{\"@id\":\"https:\/\/larfinedeco.com\/it\/prodotto\/portacandele-acciaio-cartesiana\/#primaryimage\"},\"image\":{\"@id\":\"https:\/\/larfinedeco.com\/it\/prodotto\/portacandele-acciaio-cartesiana\/#primaryimage\"},\"thumbnailUrl\":\"https:\/\/larfinedeco.com\/wp-content\/uploads\/2021\/04\/CANDELA_CARTESIANA_PP-1.jpg\",\"datePublished\":\"2021-04-13T17:30:30+00:00\",\"dateModified\":\"2022-10-19T17:31:48+00:00\",\"description\":\"Portacandele in acciaio. Per vivere esperienze uniche grazie al portacandele Cartesiana, dalle linee uniche, pulite e di design.\",\"breadcrumb\":{\"@id\":\"https:\/\/larfinedeco.com\/it\/prodotto\/portacandele-acciaio-cartesiana\/#breadcrumb\"},\"inLanguage\":\"it-IT\",\"potentialAction\":[{\"@type\":\"ReadAction\",\"target\":[\"https:\/\/larfinedeco.com\/it\/prodotto\/portacandele-acciaio-cartesiana\/\"]}]},{\"@type\":\"ImageObject\",\"inLanguage\":\"it-IT\",\"@id\":\"https:\/\/larfinedeco.com\/it\/prodotto\/portacandele-acciaio-cartesiana\/#primaryimage\",\"url\":\"https:\/\/larfinedeco.com\/wp-content\/uploads\/2021\/04\/CANDELA_CARTESIANA_PP-1.jpg\",\"contentUrl\":\"https:\/\/larfinedeco.com\/wp-content\/uploads\/2021\/04\/CANDELA_CARTESIANA_PP-1.jpg\",\"width\":960,\"height\":960,\"caption\":\"portacandele in acciaio cartesiana\"},{\"@type\":\"BreadcrumbList\",\"@id\":\"https:\/\/larfinedeco.com\/it\/prodotto\/portacandele-acciaio-cartesiana\/#breadcrumb\",\"itemListElement\":[{\"@type\":\"ListItem\",\"position\":1,\"name\":\"Home\",\"item\":\"https:\/\/larfinedeco.com\/it\/\"},{\"@type\":\"ListItem\",\"position\":2,\"name\":\"Prodotti\",\"item\":\"https:\/\/larfinedeco.com\/it\/prodotti\/\"},{\"@type\":\"ListItem\",\"position\":3,\"name\":\"Prodotti\",\"item\":\"https:\/\/larfinedeco.com\/it\/category\/prodotti\/\"},{\"@type\":\"ListItem\",\"position\":4,\"name\":\"Portacandele in acciaio: Cartesiana\"}]},{\"@type\":\"WebSite\",\"@id\":\"https:\/\/larfinedeco.com\/it\/#website\",\"url\":\"https:\/\/larfinedeco.com\/it\/\",\"name\":\"Lar\",\"description\":\"Decoraci\u00f3n\",\"potentialAction\":[{\"@type\":\"SearchAction\",\"target\":{\"@type\":\"EntryPoint\",\"urlTemplate\":\"https:\/\/larfinedeco.com\/it\/?s={search_term_string}\"},\"query-input\":{\"@type\":\"PropertyValueSpecification\",\"valueRequired\":true,\"valueName\":\"search_term_string\"}}],\"inLanguage\":\"it-IT\"}]}<\/script>\n<!-- \/ Yoast SEO plugin. -->","yoast_head_json":{"title":"Portacandele in acciaio: Cartesiana - Lar","description":"Portacandele in acciaio. Per vivere esperienze uniche grazie al portacandele Cartesiana, dalle linee uniche, pulite e di design.","robots":{"index":"index","follow":"follow","max-snippet":"max-snippet:-1","max-image-preview":"max-image-preview:large","max-video-preview":"max-video-preview:-1"},"canonical":"https:\/\/larfinedeco.com\/it\/prodotto\/portacandele-acciaio-cartesiana\/","og_locale":"it_IT","og_type":"article","og_title":"Portacandele in acciaio: Cartesiana - Lar","og_description":"Portacandele in acciaio. Per vivere esperienze uniche grazie al portacandele Cartesiana, dalle linee uniche, pulite e di design.","og_url":"https:\/\/larfinedeco.com\/it\/prodotto\/portacandele-acciaio-cartesiana\/","og_site_name":"Lar","article_modified_time":"2022-10-19T17:31:48+00:00","og_image":[{"width":960,"height":960,"url":"https:\/\/larfinedeco.com\/wp-content\/uploads\/2021\/04\/CANDELA_CARTESIANA_PP-1.jpg","type":"image\/jpeg"}],"twitter_card":"summary_large_image","schema":{"@context":"https:\/\/schema.org","@graph":[{"@type":"WebPage","@id":"https:\/\/larfinedeco.com\/it\/prodotto\/portacandele-acciaio-cartesiana\/","url":"https:\/\/larfinedeco.com\/it\/prodotto\/portacandele-acciaio-cartesiana\/","name":"Portacandele in acciaio: Cartesiana - Lar","isPartOf":{"@id":"https:\/\/larfinedeco.com\/it\/#website"},"primaryImageOfPage":{"@id":"https:\/\/larfinedeco.com\/it\/prodotto\/portacandele-acciaio-cartesiana\/#primaryimage"},"image":{"@id":"https:\/\/larfinedeco.com\/it\/prodotto\/portacandele-acciaio-cartesiana\/#primaryimage"},"thumbnailUrl":"https:\/\/larfinedeco.com\/wp-content\/uploads\/2021\/04\/CANDELA_CARTESIANA_PP-1.jpg","datePublished":"2021-04-13T17:30:30+00:00","dateModified":"2022-10-19T17:31:48+00:00","description":"Portacandele in acciaio. Per vivere esperienze uniche grazie al portacandele Cartesiana, dalle linee uniche, pulite e di design.","breadcrumb":{"@id":"https:\/\/larfinedeco.com\/it\/prodotto\/portacandele-acciaio-cartesiana\/#breadcrumb"},"inLanguage":"it-IT","potentialAction":[{"@type":"ReadAction","target":["https:\/\/larfinedeco.com\/it\/prodotto\/portacandele-acciaio-cartesiana\/"]}]},{"@type":"ImageObject","inLanguage":"it-IT","@id":"https:\/\/larfinedeco.com\/it\/prodotto\/portacandele-acciaio-cartesiana\/#primaryimage","url":"https:\/\/larfinedeco.com\/wp-content\/uploads\/2021\/04\/CANDELA_CARTESIANA_PP-1.jpg","contentUrl":"https:\/\/larfinedeco.com\/wp-content\/uploads\/2021\/04\/CANDELA_CARTESIANA_PP-1.jpg","width":960,"height":960,"caption":"portacandele in acciaio cartesiana"},{"@type":"BreadcrumbList","@id":"https:\/\/larfinedeco.com\/it\/prodotto\/portacandele-acciaio-cartesiana\/#breadcrumb","itemListElement":[{"@type":"ListItem","position":1,"name":"Home","item":"https:\/\/larfinedeco.com\/it\/"},{"@type":"ListItem","position":2,"name":"Prodotti","item":"https:\/\/larfinedeco.com\/it\/prodotti\/"},{"@type":"ListItem","position":3,"name":"Prodotti","item":"https:\/\/larfinedeco.com\/it\/category\/prodotti\/"},{"@type":"ListItem","position":4,"name":"Portacandele in acciaio: Cartesiana"}]},{"@type":"WebSite","@id":"https:\/\/larfinedeco.com\/it\/#website","url":"https:\/\/larfinedeco.com\/it\/","name":"Lar","description":"Decoraci\u00f3n","potentialAction":[{"@type":"SearchAction","target":{"@type":"EntryPoint","urlTemplate":"https:\/\/larfinedeco.com\/it\/?s={search_term_string}"},"query-input":{"@type":"PropertyValueSpecification","valueRequired":true,"valueName":"search_term_string"}}],"inLanguage":"it-IT"}]}},"_links":{"self":[{"href":"https:\/\/larfinedeco.com\/it\/wp-json\/wp\/v2\/product\/988","targetHints":{"allow":["GET"]}}],"collection":[{"href":"https:\/\/larfinedeco.com\/it\/wp-json\/wp\/v2\/product"}],"about":[{"href":"https:\/\/larfinedeco.com\/it\/wp-json\/wp\/v2\/types\/product"}],"wp:featuredmedia":[{"embeddable":true,"href":"https:\/\/larfinedeco.com\/it\/wp-json\/wp\/v2\/media\/2511"}],"wp:attachment":[{"href":"https:\/\/larfinedeco.com\/it\/wp-json\/wp\/v2\/media?parent=988"}],"wp:term":[{"taxonomy":"product_brand","embeddable":true,"href":"https:\/\/larfinedeco.com\/it\/wp-json\/wp\/v2\/product_brand?post=988"},{"taxonomy":"product_cat","embeddable":true,"href":"https:\/\/larfinedeco.com\/it\/wp-json\/wp\/v2\/product_cat?post=988"},{"taxonomy":"product_tag","embeddable":true,"href":"https:\/\/larfinedeco.com\/it\/wp-json\/wp\/v2\/product_tag?post=988"}],"curies":[{"name":"wp","href":"https:\/\/api.w.org\/{rel}","templated":true}]}}